{"id":12,"date":"2015-09-23T11:33:23","date_gmt":"2015-09-23T11:33:23","guid":{"rendered":"http:\/\/andresgaleano.eu\/?page_id=12"},"modified":"2025-04-20T22:06:58","modified_gmt":"2025-04-20T22:06:58","slug":"cv","status":"publish","type":"page","link":"https:\/\/andresgaleano.eu\/es\/cv\/","title":{"rendered":"cv"},"content":{"rendered":"\t\t<div data-elementor-type=\"wp-post\" data-elementor-id=\"12\" class=\"elementor elementor-12\">\n\t\t\t\t\t\t<section class=\"elementor-section elementor-top-section elementor-element elementor-element-1b82f3d elementor-section-boxed elementor-section-height-default elementor-section-height-default\" data-id=\"1b82f3d\" data-element_type=\"section\" data-e-type=\"section\">\n\t\t\t\t\t\t<div class=\"elementor-container elementor-column-gap-default\">\n\t\t\t\t\t<div class=\"elementor-column elementor-col-100 elementor-top-column elementor-element elementor-element-5d2a1b3\" data-id=\"5d2a1b3\" data-element_type=\"column\" data-e-type=\"column\">\n\t\t\t<div class=\"elementor-widget-wrap elementor-element-populated\">\n\t\t\t\t\t\t<div class=\"elementor-element elementor-element-a44f2ff elementor-widget elementor-widget-spacer\" data-id=\"a44f2ff\" data-element_type=\"widget\" data-e-type=\"widget\" data-widget_type=\"spacer.default\">\n\t\t\t\t<div class=\"elementor-widget-container\">\n\t\t\t\t\t\t\t<div class=\"elementor-spacer\">\n\t\t\t<div class=\"elementor-spacer-inner\"><\/div>\n\t\t<\/div>\n\t\t\t\t\t\t<\/div>\n\t\t\t\t<\/div>\n\t\t\t\t<div class=\"elementor-element elementor-element-4eee30b elementor-widget elementor-widget-text-editor\" data-id=\"4eee30b\" data-element_type=\"widget\" data-e-type=\"widget\" data-widget_type=\"text-editor.default\">\n\t\t\t\t<div class=\"elementor-widget-container\">\n\t\t\t\t\t\t\t\t\t<p>Andr\u00e9s<strong> Galeano<\/strong> was born in Matar\u00f3 (Spain) in 1980. Lives in Berlin and Barcelona.<\/p><p>He holds a <strong>Philosophy<\/strong> degree at the Universtiy of Barcelona, a<strong> Photography<\/strong> diploma at the Freie Fotoschule Stuttgart and a <strong>Sculpture\/Free Art<\/strong> degree at the Kunsthochschule Wei\u00dfensee Berlin.<\/p><p>He works with photography, video, installation and performance and has realized exhibitions and performances throughout Europe, Latin America, USA and Canada.<\/p><p><strong>Selected solo shows:<\/strong> Galer\u00eda Roc\u00edo SantaCruz, Barcelona, Kogo gallery, Tartu (Estonia), CCBlanquerna, Madrid (Spain), Funda\u00e7\u00e3o Portuguesa das Comunica\u00e7\u00f5es, Lisboa (Portugal), RH Contemporary, NYC (USA), M|A|C Matar\u00f3 (Spain), Art Rotterdam, YIA Paris, Art Brussels, Pavlovsdog (Berlin), Grimmuseum (Berlin).<\/p><p><strong>Selected group shows:<\/strong>\u00a0 VuPhoto, (Qu\u00e9bec), Riga Photography Biennial, (Latvia), Muzeum Sztuki, \u0141\u00f3d\u017a, Canal Isabel II (Madrid), Arts Santa M\u00f2nica (Barcelona), EAC (Montevideo), Benaki Museum (Athens), De Appel (Amsterdam), Goethe-Institut (Barcelona),\u00a0 Fabra i Coats (Barcelona), 4th Thessaloniki Biennale of Contemporary Art (Thessaloniki),\u00a0 Kunstraum Kreuzberg\/Bethanien (Berlin), \u2018O (Milan).<\/p><p><strong>Selected performances:<\/strong> Fundaci\u00f3 Brossa (Barcelona), La Casa Encendida (Madrid), Centro Huarte (Pamplona), M:ST Festival (Calgary),\u00a0 Konshallen G\u00f6teborg , Antic Teatre (Barcelona), Kunsthall Charlotenborg (Copenhage), Rhubarb Festival (Toronto),\u00a0 Museo MARCO (Vigo), Interakcje Festival (Piotrkow Trybunawski),\u00a0 El Matadero (Madrid),\u00a0 BAC, (Ginebra 2011), Viva! Art Action (Montreal), Instituto Cervantes (Berlin), PPP (Bern), Festival Ebent (Barcelona).<\/p><h2><span style=\"text-decoration: underline;\"><strong>CV<\/strong><\/span><\/h2><p><strong>2011 &#8211; 2012<\/strong> Master student with Prof. Albrecht Sch\u00e4fer, KHB Berlin, Germany<\/p><p><strong>\u20282008 &#8211; 2011<\/strong> Fine Arts degree, KHB Berlin , Germany<\/p><p><strong>2006 &#8211; 2008<\/strong> Accademia Belle Arti Bologna, Italy<\/p><p><strong>2003 \u2013 2006<\/strong> Photography degree, FFS Stuttgart, Germany<\/p><p><strong>1998 &#8211; 2003<\/strong> Philosophy degree, Universidad de Barcelona, Spain<\/p><h2><span style=\"text-decoration: underline;\"><strong>GRANTS, AWARDS, RESIDENCIES<br \/><\/strong><\/span><\/h2><p><strong>2022 <\/strong>Barcelona Crea Grant\u00a0\u00a0\u00a0\u00a0\u00a0\u00a0\u00a0\u00a0\u00a0\u00a0\u00a0\u00a0\u00a0\u00a0\u00a0\u00a0\u00a0\u00a0\u00a0\u00a0\u00a0\u00a0\u00a0\u00a0\u00a0\u00a0\u00a0\u00a0\u00a0\u00a0\u00a0\u00a0\u00a0\u00a0\u00a0\u00a0\u00a0\u00a0\u00a0\u00a0\u00a0\u00a0\u00a0\u00a0\u00a0\u00a0\u00a0\u00a0\u00a0\u00a0\u00a0\u00a0\u00a0\u00a0\u00a0\u00a0\u00a0\u00a0\u00a0\u00a0\u00a0\u00a0\u00a0\u00a0\u00a0\u00a0\u00a0\u00a0\u00a0\u00a0\u00a0\u00a0\u00a0\u00a0\u00a0\u00a0\u00a0\u00a0\u00a0\u00a0\u00a0\u00a0\u00a0\u00a0\u00a0\u00a0\u00a0\u00a0\u00a0\u00a0\u00a0\u00a0\u00a0\u00a0\u00a0\u00a0\u00a0\u00a0\u00a0\u00a0\u00a0\u00a0\u00a0\u00a0\u00a0\u00a0\u00a0\u00a0\u00a0\u00a0\u00a0\u00a0\u00a0\u00a0\u00a0\u00a0\u00a0\u00a0\u00a0\u00a0 <strong>2022 <\/strong>Barcelona Producci\u00f3 Grant\u00a0\u00a0\u00a0\u00a0\u00a0\u00a0\u00a0\u00a0\u00a0\u00a0\u00a0\u00a0\u00a0\u00a0\u00a0\u00a0\u00a0\u00a0\u00a0\u00a0\u00a0\u00a0\u00a0\u00a0\u00a0\u00a0\u00a0\u00a0\u00a0\u00a0\u00a0\u00a0\u00a0\u00a0\u00a0\u00a0\u00a0\u00a0\u00a0\u00a0\u00a0\u00a0\u00a0\u00a0\u00a0\u00a0\u00a0\u00a0\u00a0\u00a0\u00a0\u00a0\u00a0\u00a0\u00a0\u00a0\u00a0\u00a0\u00a0\u00a0\u00a0\u00a0\u00a0\u00a0\u00a0\u00a0\u00a0\u00a0\u00a0\u00a0\u00a0\u00a0\u00a0\u00a0\u00a0\u00a0\u00a0\u00a0\u00a0\u00a0\u00a0\u00a0\u00a0\u00a0\u00a0\u00a0\u00a0\u00a0\u00a0\u00a0\u00a0\u00a0\u00a0\u00a0\u00a0\u00a0\u00a0\u00a0\u00a0\u00a0\u00a0\u00a0\u00a0\u00a0\u00a0\u00a0\u00a0\u00a0\u00a0\u00a0 <strong>2022 <\/strong>Neustart Kultur Grant, Kunstfonds Stiftung, Bonn (DE)\u00a0\u00a0\u00a0\u00a0\u00a0\u00a0\u00a0\u00a0\u00a0\u00a0\u00a0\u00a0\u00a0\u00a0\u00a0\u00a0\u00a0\u00a0\u00a0\u00a0\u00a0\u00a0\u00a0\u00a0\u00a0\u00a0\u00a0\u00a0\u00a0\u00a0\u00a0\u00a0\u00a0\u00a0\u00a0\u00a0\u00a0\u00a0\u00a0\u00a0\u00a0\u00a0\u00a0\u00a0\u00a0\u00a0\u00a0\u00a0\u00a0\u00a0\u00a0\u00a0\u00a0\u00a0\u00a0\u00a0\u00a0\u00a0\u00a0\u00a0\u00a0\u00a0\u00a0\u00a0 <strong>2021 <\/strong>Neustart Kultur Grant, Kulturwerk foundation of Bild-Kunst, Bonn (DE)\u00a0\u00a0\u00a0\u00a0\u00a0\u00a0\u00a0\u00a0\u00a0\u00a0\u00a0\u00a0\u00a0\u00a0\u00a0\u00a0\u00a0\u00a0\u00a0\u00a0\u00a0\u00a0\u00a0\u00a0\u00a0\u00a0\u00a0\u00a0\u00a0\u00a0 <strong>2020 \u00a0<\/strong>Artistic research grant OSIC, Generalitat Catalunya<br \/><strong>2020\u00a0 <\/strong>Neustart Kultur Grant, Kunstfonds Stiftung, Bonn\u00a0\u00a0 \u00a0 \u00a0 \u00a0 \u00a0 \u00a0 \u00a0 \u00a0 \u00a0 \u00a0 \u00a0 \u00a0 \u00a0 \u00a0 \u00a0 \u00a0 \u00a0 \u00a0 \u00a0 \u00a0 \u00a0 \u00a0 \u00a0 \u00a0 \u00a0 \u00a0 \u00a0 \u00a0 \u00a0 \u00a0 \u00a0 \u00a0 \u00a0 <strong>2020 \u00a0<\/strong> Residency at VU Photo, Quebec (CAN)<br \/><strong>2019 \u00a0<\/strong> Artistic research grant OSIC, Generalitat Catalunya<br \/><strong>2017<\/strong> \u00a0 Production grant Rocaumbert F.A.,Granollers (ESP)<br \/><strong>2014 \u00a0<\/strong> Finalist Miquel Casablancas award, Barcelona (ESP)<br \/><strong>2014<\/strong> \u00a0 Artist in Residence Departamento 21, Santiago de Chile (CL)<br \/><strong>2012 \u00a0<\/strong> Artist in Residence Nauestruch, Sabadell (ESP)<br \/><strong>2011<\/strong> \u00a0 Mart Stam Prize, Berlin<br \/><strong>2009<\/strong> \u00a0 Artist in Residence O\u2019, Milan (ITA)<br \/><strong>2007 \u00a0<\/strong> Art photography prize, Iceberg: giovani artisti a Bologna (ITA)<\/p><h2><span style=\"text-decoration: underline;\"><strong>SOLO SHOWS<\/strong><\/span> (Selected)<\/h2><p><strong>2025<\/strong><\/p><p>DOMSTEIN-MISSION X-DBA-00408, K\u00f6lner Dom, Cologne<\/p><p><strong>2022<\/strong><\/p><p>LOST CLOUDS ARCHIVE, Kogo gallery + Ag47, Tartu (EST)<\/p><p><strong>2021<\/strong><\/p><p>FONDO PERDIDO DE NUBES, CCBLANQUERNA, Madrid\u00a0\u00a0\u00a0\u00a0\u00a0\u00a0\u00a0\u00a0\u00a0\u00a0\u00a0\u00a0\u00a0\u00a0\u00a0\u00a0\u00a0\u00a0\u00a0\u00a0\u00a0\u00a0\u00a0\u00a0\u00a0\u00a0\u00a0\u00a0\u00a0\u00a0\u00a0\u00a0\u00a0\u00a0\u00a0\u00a0\u00a0\u00a0\u00a0\u00a0\u00a0\u00a0\u00a0\u00a0\u00a0\u00a0\u00a0\u00a0\u00a0\u00a0\u00a0\u00a0\u00a0\u00a0\u00a0\u00a0\u00a0\u00a0\u00a0\u00a0\u00a0\u00a0\u00a0\u00a0 FONS PERDUT DE N\u00daVOLS, M|A|C, Matar\u00f3 (ESP)\u00a0\u00a0 \u00a0 \u00a0 \u00a0 \u00a0 \u00a0\u00a0 \u00a0\u00a0\u00a0\u00a0\u00a0\u00a0\u00a0\u00a0\u00a0\u00a0\u00a0\u00a0\u00a0\u00a0\u00a0\u00a0\u00a0\u00a0\u00a0\u00a0\u00a0\u00a0\u00a0\u00a0\u00a0\u00a0\u00a0\u00a0\u00a0\u00a0\u00a0\u00a0\u00a0 \u00a0 \u00a0 \u00a0 \u00a0 \u00a0 \u00a0 \u00a0 \u00a0 \u00a0 \u00a0 \u00a0 \u00a0 \u00a0 \u00a0\u00a0 FONS PERDUT DE N\u00daVOLS, Galer\u00eda Roc\u00edo SantaCruz, Barcelona<\/p><p><strong>2019<\/strong><br \/>EINMAL IST KEINMAL, UPNA, Pamplona (ESP)<br \/>AFOTOS, Roca Umbert F\u00e0brica de les Arts, Granollers (ESP)<\/p><p><strong>2018<\/strong><br \/>UNKNOWN PHOTOGRAPHERS, Funda\u00e7\u00e3o Portuguesa das Comunica\u00e7\u00f5es, Lisboa (POR)<\/p><p><strong>2015<\/strong><br \/>AL SOL, M|A|C, Matar\u00f3 (ESP)<br \/>UNKNOWN PHOTOGRAPHERS,RH Contemporary, New York (USA)<\/p><p><strong>2014 \u00a0 \u00a0 \u00a0 \u00a0 \u00a0 \u00a0 \u00a0 \u00a0 \u00a0 \u00a0 \u00a0 \u00a0 \u00a0 \u00a0 \u00a0 \u00a0 \u00a0 \u00a0 \u00a0 \u00a0 \u00a0 \u00a0 \u00a0 \u00a0 \u00a0 \u00a0 \u00a0 \u00a0 \u00a0 \u00a0 \u00a0 \u00a0 \u00a0 \u00a0 \u00a0 \u00a0 \u00a0 \u00a0 \u00a0 \u00a0 \u00a0 \u00a0 \u00a0 \u00a0 \u00a0 \u00a0 \u00a0 \u00a0 \u00a0 \u00a0 \u00a0 \u00a0 \u00a0 \u00a0 \u00a0 \u00a0 \u00a0 \u00a0 \u00a0 \u00a0 \u00a0 \u00a0 \u00a0 \u00a0 \u00a0 \u00a0 \u00a0 \u00a0 \u00a0 \u00a0 \u00a0 \u00a0 \u00a0 \u00a0<\/strong> UNKNOWN PHOTOGRAPHERS, YIA Art Fair, Paris (FR) | UNKNOWN PHOTOGRAPHERS, Pavlovsdog, Berlin | UNKNOWN PHOTOGRAPHERS, Art Brussels (BEL) | 10 COSAS QUE DEBER\u00cdAS SABER, Taller Bloc, Santiago de Chile (CL)<\/p><p><strong>2013<\/strong><br \/>UNKNOWN PHOTOGRAPHERS, Grimmuseum, Berlin<br \/>UNKNOWN PHOTOGRAPHERS, Supermarket Art Fair, Stockholm (SWE)<\/p><h2><span style=\"text-decoration: underline;\"><strong>GROUP SHOWS <\/strong><\/span>(Selected)<\/h2><p><strong>2025<\/strong><\/p><p>OMNIMODA.LA FOTOGRAF\u00cdA COMO DISPLAY, MUCAC, M\u00e1laga (SPA)<\/p><p><strong>2024<\/strong><\/p><p>De Cloud, WIP Festival, Nicosia (CY)<\/p><p><strong>2023<br \/><\/strong><\/p><p>Disseny Hub Barcelona \u00a0 \u00a0 \u00a0 \u00a0 \u00a0 \u00a0 \u00a0 \u00a0 \u00a0 \u00a0 \u00a0 \u00a0 \u00a0 \u00a0 \u00a0 \u00a0 \u00a0 \u00a0 \u00a0 \u00a0 \u00a0 \u00a0 \u00a0 \u00a0 \u00a0 \u00a0 \u00a0 \u00a0 \u00a0 \u00a0 \u00a0 \u00a0 \u00a0 \u00a0 \u00a0 \u00a0 \u00a0 \u00a0 \u00a0 \u00a0 \u00a0 \u00a0 \u00a0 \u00a0 \u00a0 \u00a0 \u00a0 \u00a0 \u00a0 \u00a0 \u00a0 \u00a0 \u00a0 \u00a0 \u00a0\u00a0 \u00a0 \u00a0 \u00a0 \u00a0 \u00a0 \u00a0 \u00a0\u00a0 S\u00d3NAR+D, Barcelona\u00a0\u00a0\u00a0\u00a0\u00a0\u00a0\u00a0\u00a0\u00a0\u00a0\u00a0\u00a0\u00a0\u00a0\u00a0\u00a0\u00a0\u00a0\u00a0\u00a0\u00a0\u00a0\u00a0\u00a0\u00a0\u00a0\u00a0\u00a0\u00a0\u00a0\u00a0\u00a0\u00a0\u00a0\u00a0\u00a0\u00a0\u00a0\u00a0\u00a0\u00a0\u00a0\u00a0\u00a0\u00a0\u00a0\u00a0\u00a0\u00a0\u00a0\u00a0\u00a0\u00a0\u00a0\u00a0\u00a0\u00a0\u00a0\u00a0\u00a0\u00a0\u00a0\u00a0\u00a0\u00a0\u00a0\u00a0\u00a0\u00a0\u00a0\u00a0\u00a0\u00a0\u00a0\u00a0\u00a0\u00a0\u00a0\u00a0\u00a0\u00a0\u00a0\u00a0\u00a0\u00a0\u00a0\u00a0\u00a0\u00a0\u00a0\u00a0\u00a0\u00a0\u00a0\u00a0\u00a0\u00a0\u00a0\u00a0\u00a0\u00a0\u00a0\u00a0\u00a0\u00a0\u00a0\u00a0\u00a0\u00a0\u00a0\u00a0\u00a0\u00a0\u00a0\u00a0\u00a0\u00a0\u00a0\u00a0\u00a0\u00a0\u00a0\u00a0\u00a0\u00a0\u00a0\u00a0\u00a0\u00a0 BCN PRODUCCI\u00d3 2022\/23, La Capella, Barcelona\u00a0\u00a0\u00a0\u00a0\u00a0\u00a0\u00a0\u00a0\u00a0\u00a0\u00a0\u00a0\u00a0\u00a0\u00a0\u00a0\u00a0\u00a0\u00a0\u00a0\u00a0\u00a0\u00a0\u00a0\u00a0\u00a0\u00a0\u00a0\u00a0\u00a0\u00a0\u00a0\u00a0\u00a0\u00a0\u00a0\u00a0\u00a0\u00a0\u00a0\u00a0\u00a0\u00a0\u00a0\u00a0\u00a0\u00a0\u00a0\u00a0\u00a0\u00a0\u00a0\u00a0\u00a0\u00a0\u00a0\u00a0\u00a0\u00a0\u00a0\u00a0\u00a0\u00a0\u00a0\u00a0\u00a0\u00a0\u00a0\u00a0\u00a0\u00a0\u00a0\u00a0\u00a0 CORRENTS D&#8217;IMATGES, Espai d&#8217;arts Rocaumbert, Granollers (SPA)<br \/>MURS \u00c9CRANS, VU photo, Qu\u00e9bec (CAN)<\/p><p><strong>2020<\/strong><\/p><p>FOLLOWING THE LINES OF Wac\u0142aw Szpakowski, Muzeum Sztuki, \u0141\u00f3d\u017a (PL)\u00a0\u00a0\u00a0\u00a0\u00a0 \u00a0 \u00a0 \u00a0 \u00a0 \u00a0 \u00a0 \u00a0 \u00a0\u00a0\u00a0\u00a0\u00a0\u00a0\u00a0\u00a0\u00a0 RIGA PHOTOGRAPHY BIENNIAL, Latvia<\/p><p><strong>2019<\/strong><br \/>UN M\u00d3N PARAL.LEL,Arts Santa M\u00f2nica, Barcelona<br \/>THE PHOTOGRAPHY SHOW AIPAD, NYC (USA)<\/p><p><strong>2018<\/strong> \u00a0\u00a0\u00a0\u00a0\u00a0\u00a0\u00a0\u00a0\u00a0\u00a0\u00a0\u00a0\u00a0\u00a0\u00a0\u00a0\u00a0\u00a0\u00a0\u00a0\u00a0\u00a0\u00a0\u00a0\u00a0\u00a0\u00a0\u00a0\u00a0\u00a0\u00a0\u00a0\u00a0\u00a0\u00a0\u00a0\u00a0\u00a0\u00a0\u00a0\u00a0\u00a0\u00a0\u00a0\u00a0\u00a0\u00a0\u00a0\u00a0\u00a0\u00a0\u00a0\u00a0\u00a0\u00a0\u00a0\u00a0\u00a0\u00a0\u00a0\u00a0\u00a0\u00a0\u00a0\u00a0\u00a0\u00a0\u00a0\u00a0\u00a0\u00a0\u00a0\u00a0\u00a0\u00a0\u00a0\u00a0\u00a0\u00a0\u00a0\u00a0\u00a0\u00a0\u00a0\u00a0\u00a0\u00a0\u00a0\u00a0\u00a0\u00a0\u00a0\u00a0\u00a0\u00a0\u00a0\u00a0\u00a0\u00a0\u00a0\u00a0\u00a0\u00a0\u00a0\u00a0\u00a0\u00a0\u00a0\u00a0\u00a0\u00a0\u00a0\u00a0\u00a0\u00a0\u00a0\u00a0\u00a0\u00a0\u00a0\u00a0\u00a0\u00a0\u00a0\u00a0\u00a0\u00a0\u00a0\u00a0\u00a0\u00a0\u00a0\u00a0\u00a0\u00a0\u00a0\u00a0\u00a0\u00a0\u00a0\u00a0\u00a0\u00a0\u00a0\u00a0\u00a0\u00a0\u00a0\u00a0\u00a0\u00a0 THINKING ABOUT [PHOTOGRAPHY], Festival Scan, Tarragona | PHOTO LONDON, UK\u00a0 | SPIELE MIT DER EWIGKEIT, Grimmuseum, Berlin | UN M\u00d3N PARAL.LEL, B\u00f2lit, Girona | WATCH YOUR BUBBLE, Kunstverein Tiergarten, Berlin<\/p><p><strong>2017<\/strong><\/p><p>GOOD FRIENDS, Galerie Kunstpunkt, Berlin | INTERVALO, Las Cigarreras, Alicante | SOBREEXPOSICIO\u0301N, Espacio Arte Contempora\u0301neo, Montevideo (URU) | AS SLOW AS POSSIBLE, Festival Embarrat, Ta\u0300rrega (ESP) | UN CIERTO PANORAMA, Canal Isabel II, Madrid (ESP) | ARTISTS&#8217; BOOKS FOR EVERYTHING, Weserburg, Bremen (DE) | ATHENS PHOTO FESTIVAL, Benaki Museum, (GR) | ART PHOTO BCN, Fundacio\u0301 Enric Miralles, Barcelona | ART LIBRIS, Arts Santa Mo\u0300nica, Barcelona<\/p><p><strong>2016<\/strong><\/p><p>INTERVALO, Casa Hoffmann, Bogota\u0301 (COL) | UN M\u00d3N PARAL.LEL, Rocaumbert Fabrica de les Arts, Granollers (ESP) | LOOK UP AT THE SKY, Sala Moncunill, Terrassa (ESP) | VACANCIES!, Galerie Wedding, Berlin<\/p><p><strong>2015<\/strong><br \/>TEN YEARS AT THE ZOO, Las Naves, Valencia<br \/>DISPARITIONS, Galerie Rue Visconti, Paris (FR)<br \/>YOUR TIME IS NOT MY TIME, De Apel, Amsterdam (NL)<br \/>BERLIN-BERLIN-BERLIN, Embajada Espa\u00f1ola Berlin (DE)<br \/>WHO IS WHO, Schweizerisches Psychiatrie Museum, Bern (CH)<br \/>STATUS ALTERADO, Goethe Institut Barcelona<\/p><p><strong>2014<\/strong><br \/>LOS AGRICULTORES. RECOLECTAR Y\/O MANIPULAR, SAC, Bcn PRESENT INDICATIU,Fabra i Coats, Barcelona (ESP)<br \/>ECCE UOMO, Ejercicios Mosqueto, Santiago de Chile (CL)<\/p><p><strong>2013<\/strong><br \/>4th THESSALONIKI BIENALE OF CONTEMPORARY ART, Greece<br \/>MACHT KUNST, Alte M\u00fcnze, Berlin<\/p><p><strong>2012<\/strong><br \/>AUSGERECHNET FREITAG DER DREIZEHNTE, Oranienplatz 17, Berlin<br \/>PRESUME, Kunstraum Kreuzberg\/Bethanien, Berlin<\/p><p><strong>2011<\/strong><br \/>CAP.S.A 11, Pres\u00f3 de Matar\u00f3, Matar\u00f3 (ESP) | PAISATGE CATASTR\u00d2FIC, Galeria Dolors Vent\u00f3s, Figueres (ESP) | \u2028DIPLOM + MEISTERSCH\u00dcLER AUSSTELLUNG, Uferhallen, Berlin\u2028 | DESTINO:BERLIN, Studio 1, Bethanien, Berlin | \u2028CREACIONS AL VOL, Espai f, Matar\u00f3 (ESP)\u2028\u2028 |<\/p><p><strong>2010 <\/strong><\/p><p><strong>\u2028<\/strong>M\u00daLTIPLO DE CINCO, Centro Cultural Chacao, Caracas (VEN)<\/p><p><strong>\u2028\u20282009<\/strong><\/p><p>INTERMEDIA, \u00b4O , Milan (ITA) | \u2028ALLE 7 DEL MATTINO IL MONDO \u00c8 ANCORA IN ORDINE, \u2018O, Milan(ITA) | \u2028PROLOG 4, Galerie Parterre, Berlin (DE)\u2028 | ZEICHNEN UND SCHREIBEN, Galerie im Turm, Berlin \u2028| IL LIBRO NEL XXI SECOLO, Musei Civici di Villa Mirabello, Varese | \u2028MAHN OH MAHN, Emerson Gallery, Berlin\u2028 | ZOOLOGICS, Ballhaus Ost, Berlin<\/p><p><strong>2007<\/strong><\/p><p>CORALE, Palazzo Sforza, Cotignola (ITA)\u2028 | ARTISTI DEL PREMIO ICEBERG 2007, Galleria d\u00b4Arte 18, Bologna (ITA)\u2028 | COLOSSI NASCOSTI. FESTIVAL ICEBERG 2007, Galleria Ta matete, Bologna<\/p><h2><strong><span style=\"text-decoration: underline;\">PERFORMANCES<\/span><\/strong> (Selected)<\/h2><p><strong>2021 <\/strong>M|A|C, Pres\u00f3 Matar\u00f3 \u00a0 \u00a0 \u00a0 \u00a0 \u00a0 \u00a0 \u00a0 \u00a0 \u00a0 \u00a0 \u00a0 \u00a0 \u00a0 \u00a0 \u00a0 \u00a0 \u00a0 \u00a0 \u00a0 \u00a0 \u00a0 \u00a0 \u00a0 \u00a0 \u00a0 \u00a0 \u00a0 \u00a0 \u00a0 \u00a0 \u00a0 \u00a0 \u00a0 \u00a0 \u00a0 \u00a0 \u00a0 \u00a0 \u00a0 \u00a0 \u00a0 \u00a0 \u00a0 \u00a0 \u00a0 \u00a0 \u00a0 \u00a0\u00a0<strong> \u00a0\u00a0\u00a0\u00a0\u00a0\u00a0\u00a0\u00a0\u00a0\u00a0\u00a0\u00a0\u00a0\u00a0\u00a0\u00a0\u00a0\u00a0\u00a0 <\/strong><strong>2020 <\/strong>Post-Brossa,Fundaci\u00f3 Brossa, Barcelona<br \/><strong>2018<\/strong> Me gustas Pixelad_, La Casa Encendida, Madrid<br \/><strong>2016<\/strong> Perform Perform, Du\u0308dingen (CH)<br \/><strong>2014 <\/strong>Festival Inmediaciones, Centro Huarte, Pamplona (ESP) | M:ST Festival, Calgary (CAN) | Live Action 9, Konsthallen G\u00f6teborg (SWE) |\u00a0 Surrey Poetry Festival,Guildford (UK)<\/p><p><strong>2013<\/strong><br \/>Antic Teatre, Barcelona (ESP) |<br \/>Grimmuseum, Berlin |<br \/>Kunsthal Charlottenborg, Copenhage (DK) |<br \/>TPA, Torino (ITA) |<br \/>Rhubarb Festival, Buddies in Bad Times Theatre, Toronto (CAN) |<br \/>FADO, Toronto (CAN) |<br \/>Supermarket 2013, Independent Art Fair Stockholm (SWE) |<br \/>Estruch, Sabadell (ESP)<\/p><p><strong>2012<\/strong><br \/>Chamalle X, Museo Arte Contempor\u00e1neo Vigo | (ESP)\u2028Momentum #6, Brussels (BEL) |<br \/>Contexts, Sokolowsko (PLN)\u2028 | Frish eingetroffen, Zeitraumexit, Mannheim (DE) |<br \/>Interakcje Festival,Galeria OFF, Piotrkow Trybunawksi (POL)\u2028 | PAE #4, Wolfart Projectspaces, Rotterddam (NED)\u2028 | To Be Present, AIR Besienddershuis, Nijmegen (NED) | \u2028Samtalek\u00f8kkenet 9,Teatermuseet i Hofteatret, Copenhage (DEN)<\/p><p><strong>2011<\/strong><br \/>Acci\u00f3n!MAD, El Matadero, Madrid (ESP)<br \/>Who is Afraid of Performance Art, BAC, Geneve (CH)<br \/>Co-Lab Editions, Saavy Contemporary, Berlin<br \/>Testing Grounds, The Basement, Brighton (UK)<br \/>Viva! Art Action, Montreal (CAN)\u2028 | La Muga Caula, Les Escaules, Figueres (ESP)<br \/>Performance triple bill, Tisch Theater, Berlin<br \/>\u00a1POES\u00cdACCI\u00d3N!, Instituto Cervantes Berlin\u2028 | PPP &#8211; ProgPerformancePlattform, Bern (CH) | \u2028Infr\u00b4action Venezia, Venedig (IT) | \u2028Biological Museum Turku, Performanssi 2011, Turku (FIN)<\/p><p><strong>2010\u2028<\/strong><\/p><p>Einstellungsraum, Hamburg (DE)\u2028 | Festival eBent\u00b410, Barcelona (ESP) | \u2028NauEstruch, Sabadell (ESP) | \u2028direct action 2010, Institut f\u00fcr alles m\u00f6gliche, Berlin\u2028M5\/DIFFERENTIAL Festival, Berlin | \u2028Sziget Festival, Budapest (HU) |\u2028Home Sweet Home Festival, Werkstatt der Kulturen, Berlin\u2028 | Performance Intermedia Festival, National Museum Szczecin(PL) | \u2028Galerie KUB, Leipzig (DE)<\/p><p><strong>2009<\/strong><\/p><p>TINA B Festival, Prague (CZ)\u2028Global Comunication Festival, M.C.S.W. Elektownia, Radom (PL)<\/p><p><strong>2008<\/strong><\/p><p>Artikel 0, Bundesministerum der Justiz , Berlin<\/p><h2><span style=\"text-decoration: underline;\"><strong>PUBLICATIONS <\/strong><\/span>(Selected)<\/h2><p><strong>2025\u00a0\u00a0\u00a0\u00a0\u00a0\u00a0\u00a0\u00a0\u00a0\u00a0\u00a0\u00a0\u00a0\u00a0\u00a0\u00a0\u00a0\u00a0\u00a0\u00a0\u00a0\u00a0\u00a0\u00a0\u00a0\u00a0\u00a0\u00a0\u00a0\u00a0\u00a0\u00a0\u00a0\u00a0\u00a0\u00a0\u00a0\u00a0\u00a0\u00a0\u00a0\u00a0\u00a0\u00a0\u00a0\u00a0\u00a0\u00a0\u00a0\u00a0\u00a0\u00a0\u00a0\u00a0\u00a0\u00a0\u00a0\u00a0\u00a0\u00a0\u00a0\u00a0\u00a0\u00a0\u00a0\u00a0\u00a0\u00a0\u00a0\u00a0\u00a0\u00a0\u00a0\u00a0\u00a0\u00a0\u00a0\u00a0\u00a0\u00a0\u00a0\u00a0\u00a0\u00a0\u00a0\u00a0\u00a0\u00a0\u00a0\u00a0\u00a0\u00a0\u00a0\u00a0\u00a0\u00a0\u00a0\u00a0\u00a0\u00a0\u00a0\u00a0\u00a0\u00a0\u00a0\u00a0\u00a0\u00a0\u00a0\u00a0\u00a0\u00a0\u00a0\u00a0\u00a0\u00a0\u00a0\u00a0\u00a0\u00a0\u00a0\u00a0\u00a0\u00a0\u00a0\u00a0\u00a0\u00a0\u00a0\u00a0\u00a0\u00a0\u00a0\u00a0\u00a0\u00a0\u00a0\u00a0\u00a0\u00a0\u00a0\u00a0 <\/strong>DOMSTEIN-MISSION X-DBA-00408, Artist book, ISBN: 978-3-9827007-2-4<\/p><p><strong>2023<\/strong><br \/>NEPHOGRAM, app, free download from Google Play | App Store<\/p><p><strong>2021<\/strong><\/p><p>FONS PERDUT DE N\u00daVOLS | FONDO PERDIDO DE NUBES | LOST CLOUDS ARCHIVE, Artist Book, ISBN: 978-84-09-30523-0<\/p><p><strong>2019<\/strong><br \/>NO PIC, Artist Book, ISBN:978-84-09-08848-5<br \/>WATCH YOUR BUBBLE, exhibition catalogue, Berlin<\/p><p><strong>2018<\/strong><br \/>THINKING ABOUT [PHOTOGRAPHY], exhibition catalogue, Tarragona<\/p><p>UNKNOWN PHOTOGRAPHERS, Artist Book, ISBN:978-84-09-04132-9<\/p><p>LIFE OF ARTISTS IN BERLIN, Valentina Galossi, ISBN:978-3-617-945880-32-6<\/p><p><strong>2016<\/strong><br \/>GOOGLE IN VIEW, Artist Book, ISBN:978-84-617-4905-8<\/p><p><strong>2015<\/strong><br \/>BERLIN KUNST, Tagesspiegel, ISBN:978-3-939842-84-2<br \/>FORMEN DER WISSENSGENERIERUNG, Ahtena-Verlag, ISBN:978-3-89896-611-5<\/p><p><strong>2014<\/strong><\/p><p>PAJ: A JOURNAL OF PERFORMNACE ART, Vol. 36, No. 3, Mit Press Journal<\/p><p>EIKON #87, Vienna, ISBN: 978-3-902250-76-6<\/p><p>COLAB EDITIONS, Saavy Contemporary, Berlin, ISBN:978-3-00-045828-6<\/p><p>CHAMALLE X, Universidad de Vigo, ISBN: 978-84-8158-618-3\u2028\u20282013<\/p><p>JOHNNY AMORE: PERFORMERS, Pori Art Museum,ISBN: 978-952-5648-40-09<\/p><p>THE REFLEXIVE PHOTOGRAPHER, MuseumsEtc, ISBN: 978-1-907697-94-4<\/p><p>EMERGENCY INDEX 2012, Ugly Duckling Presse, USA<\/p><p>WE ARE NOT A MUSEUM, Gimmuseum Berlin, ISBN: 978-3-943514-12-4<\/p><p>SUPERMARKET issue #3, ISSN 2000-8155, Stockholm (SWE)<\/p><p><strong>2012<\/strong><br \/>EF\u00cdMERA Num. 4, Madrid, ISSN: 2172-5934<br \/>PRESUME, Katalog,Mart Stam F\u00f6rderpreis 2011, Berlin<br \/>QUADERN Num. 185, Sabadell. ISSN: 1695-9396<br \/>EF\u00cdMERA Num. 3, Madrid, ISSN: 2172-5934<br \/>\u00a1POES\u00cdACCI\u00d3N!, Live Art Edition DVD, Berlin<\/p><p><strong>2011<\/strong><br \/>EMERGENCY INDEX 2011, Ugly Duckling Presse, USA, ISBN 978-1-933254-56-2<br \/>AUTOS FAHREN KEINE TREPPEN, Katalog, Hamburg Hyperzine Verlag. ISBN: 978-3-938218-56-3<br \/>POINTS D\u00b4IMPACT, Avec ou sans parole, DVD Katalog, Genf (CH)<br \/>CAP.S.A 11 a la pres\u00f3, USB Katalog, Matar\u00f3 (ESP)<\/p><p>ZIELORT: BERLIN \/ DESTINO:BERLIN, Katalog, Berlin<\/p><p>PERFORMANSSI 2011, Katalog, Helsinki (FIN)<\/p><p><strong>2010<\/strong><\/p><p>HYBRID, Einstellunsraum 2010, Katalog, Hamburg (DE)<\/p><p>HOME SWEET HOME, Katalog, Berlin.<\/p><p>PERFORMANCE INTERMEDIA, Katalog, Officyna, Szczecin (POL).<\/p><p><strong>2009<\/strong><\/p><p>MAHN OH MAHN, Katalog, KHB Berlin<\/p><p>GLOBAL COMUNICATION FESTIVAL, Katalog, MCSW Electrownia, Radom (POL)<\/p><p>ZOOLOGICS, Katalog, KHB Berlin<\/p><p>PROLOG 4, Katalog, Berlin<\/p><p>IL LIBRO NEL XXI SECOLO, Katalog, Edizioni Lativa, Varese (ITA)<strong>\u2028\u2028<\/strong><\/p><p><strong>2008\u2028 <\/strong>ARTIKEL 0, Katalog, Deutscher Kunstverlag, Berlin<\/p><p><strong>2007<\/strong> \u2028ICEBERG YOUNG ARTISTS IN BOLOGNA, Katalog, Red Publishing, Modena (ITA)<\/p><p>CORALE, DUE MUSE ALLO SPECCHIO, Katalog, Cotignola (ITA)<\/p>\t\t\t\t\t\t\t\t<\/div>\n\t\t\t\t<\/div>\n\t\t\t\t\t<\/div>\n\t\t<\/div>\n\t\t\t\t\t<\/div>\n\t\t<\/section>\n\t\t\t\t<section class=\"elementor-section elementor-top-section elementor-element elementor-element-c208faa elementor-section-boxed elementor-section-height-default elementor-section-height-default\" data-id=\"c208faa\" data-element_type=\"section\" data-e-type=\"section\">\n\t\t\t\t\t\t<div class=\"elementor-container elementor-column-gap-default\">\n\t\t\t\t\t<div class=\"elementor-column elementor-col-100 elementor-top-column elementor-element elementor-element-bf15f3b\" data-id=\"bf15f3b\" data-element_type=\"column\" data-e-type=\"column\">\n\t\t\t<div class=\"elementor-widget-wrap elementor-element-populated\">\n\t\t\t\t\t\t<div class=\"elementor-element elementor-element-2bac6b2 elementor-widget elementor-widget-spacer\" data-id=\"2bac6b2\" data-element_type=\"widget\" data-e-type=\"widget\" data-widget_type=\"spacer.default\">\n\t\t\t\t<div class=\"elementor-widget-container\">\n\t\t\t\t\t\t\t<div class=\"elementor-spacer\">\n\t\t\t<div class=\"elementor-spacer-inner\"><\/div>\n\t\t<\/div>\n\t\t\t\t\t\t<\/div>\n\t\t\t\t<\/div>\n\t\t\t\t\t<\/div>\n\t\t<\/div>\n\t\t\t\t\t<\/div>\n\t\t<\/section>\n\t\t\t\t<\/div>\n\t\t","protected":false},"excerpt":{"rendered":"<p>Andr\u00e9s Galeano was born in Matar\u00f3 (Spain) in 1980. Lives in Berlin and Barcelona. He holds a Philosophy degree at the Universtiy of Barcelona, a Photography diploma at the Freie Fotoschule Stuttgart and a Sculpture\/Free Art degree at the Kunsthochschule Wei\u00dfensee Berlin. He works with photography, video, installation and performance and has realized exhibitions and [&hellip;]<\/p>\n","protected":false},"author":1,"featured_media":0,"parent":0,"menu_order":0,"comment_status":"closed","ping_status":"closed","template":"","meta":{"footnotes":""},"class_list":["post-12","page","type-page","status-publish","hentry"],"translation":{"provider":"WPGlobus","version":"3.0.2","language":"es","enabled_languages":["en","es"],"languages":{"en":{"title":true,"content":true,"excerpt":false},"es":{"title":true,"content":false,"excerpt":false}}},"_links":{"self":[{"href":"https:\/\/andresgaleano.eu\/es\/wp-json\/wp\/v2\/pages\/12","targetHints":{"allow":["GET"]}}],"collection":[{"href":"https:\/\/andresgaleano.eu\/es\/wp-json\/wp\/v2\/pages"}],"about":[{"href":"https:\/\/andresgaleano.eu\/es\/wp-json\/wp\/v2\/types\/page"}],"author":[{"embeddable":true,"href":"https:\/\/andresgaleano.eu\/es\/wp-json\/wp\/v2\/users\/1"}],"replies":[{"embeddable":true,"href":"https:\/\/andresgaleano.eu\/es\/wp-json\/wp\/v2\/comments?post=12"}],"version-history":[{"count":79,"href":"https:\/\/andresgaleano.eu\/es\/wp-json\/wp\/v2\/pages\/12\/revisions"}],"predecessor-version":[{"id":2046,"href":"https:\/\/andresgaleano.eu\/es\/wp-json\/wp\/v2\/pages\/12\/revisions\/2046"}],"wp:attachment":[{"href":"https:\/\/andresgaleano.eu\/es\/wp-json\/wp\/v2\/media?parent=12"}],"curies":[{"name":"wp","href":"https:\/\/api.w.org\/{rel}","templated":true}]}}