{"id":1708,"date":"2023-01-03T22:02:37","date_gmt":"2023-01-03T22:02:37","guid":{"rendered":"https:\/\/andresgaleano.eu\/?page_id=1708"},"modified":"2023-01-08T20:42:16","modified_gmt":"2023-01-08T20:42:16","slug":"photo-allegories","status":"publish","type":"page","link":"https:\/\/andresgaleano.eu\/es\/photo-allegories\/","title":{"rendered":"photo allegories"},"content":{"rendered":"\t\t<div data-elementor-type=\"wp-page\" data-elementor-id=\"1708\" class=\"elementor elementor-1708\">\n\t\t\t\t\t\t<section class=\"elementor-section elementor-top-section elementor-element elementor-element-5cc34da elementor-section-boxed elementor-section-height-default elementor-section-height-default\" data-id=\"5cc34da\" data-element_type=\"section\" data-e-type=\"section\">\n\t\t\t\t\t\t<div class=\"elementor-container elementor-column-gap-default\">\n\t\t\t\t\t<div class=\"elementor-column elementor-col-100 elementor-top-column elementor-element elementor-element-85a0dd7\" data-id=\"85a0dd7\" data-element_type=\"column\" data-e-type=\"column\">\n\t\t\t<div class=\"elementor-widget-wrap elementor-element-populated\">\n\t\t\t\t\t\t<div class=\"elementor-element elementor-element-6399778 elementor-widget elementor-widget-image\" data-id=\"6399778\" data-element_type=\"widget\" data-e-type=\"widget\" data-widget_type=\"image.default\">\n\t\t\t\t<div class=\"elementor-widget-container\">\n\t\t\t\t\t\t\t\t\t\t\t\t\t\t\t<img fetchpriority=\"high\" decoding=\"async\" width=\"1798\" height=\"1200\" src=\"https:\/\/andresgaleano.eu\/wp-content\/uploads\/2023\/01\/Andres-Galeano_Kogo-1798x1200.jpg\" class=\"attachment-xlarge size-xlarge wp-image-1725\" alt=\"\" srcset=\"https:\/\/andresgaleano.eu\/wp-content\/uploads\/2023\/01\/Andres-Galeano_Kogo-1798x1200.jpg 1798w, https:\/\/andresgaleano.eu\/wp-content\/uploads\/2023\/01\/Andres-Galeano_Kogo-600x400.jpg 600w, https:\/\/andresgaleano.eu\/wp-content\/uploads\/2023\/01\/Andres-Galeano_Kogo-900x600.jpg 900w, https:\/\/andresgaleano.eu\/wp-content\/uploads\/2023\/01\/Andres-Galeano_Kogo-300x200.jpg 300w, https:\/\/andresgaleano.eu\/wp-content\/uploads\/2023\/01\/Andres-Galeano_Kogo-768x513.jpg 768w, https:\/\/andresgaleano.eu\/wp-content\/uploads\/2023\/01\/Andres-Galeano_Kogo-1536x1025.jpg 1536w, https:\/\/andresgaleano.eu\/wp-content\/uploads\/2023\/01\/Andres-Galeano_Kogo-2048x1367.jpg 2048w\" sizes=\"(max-width: 1798px) 100vw, 1798px\" \/>\t\t\t\t\t\t\t\t\t\t\t\t\t\t\t<\/div>\n\t\t\t\t<\/div>\n\t\t\t\t\t<\/div>\n\t\t<\/div>\n\t\t\t\t\t<\/div>\n\t\t<\/section>\n\t\t\t\t<section class=\"elementor-section elementor-top-section elementor-element elementor-element-e96a30a elementor-section-boxed elementor-section-height-default elementor-section-height-default\" data-id=\"e96a30a\" data-element_type=\"section\" data-e-type=\"section\">\n\t\t\t\t\t\t<div class=\"elementor-container elementor-column-gap-default\">\n\t\t\t\t\t<div class=\"elementor-column elementor-col-100 elementor-top-column elementor-element elementor-element-a78de91\" data-id=\"a78de91\" data-element_type=\"column\" data-e-type=\"column\">\n\t\t\t<div class=\"elementor-widget-wrap elementor-element-populated\">\n\t\t\t\t\t\t<div class=\"elementor-element elementor-element-21d2e9c elementor-widget elementor-widget-spacer\" data-id=\"21d2e9c\" data-element_type=\"widget\" data-e-type=\"widget\" data-widget_type=\"spacer.default\">\n\t\t\t\t<div class=\"elementor-widget-container\">\n\t\t\t\t\t\t\t<div class=\"elementor-spacer\">\n\t\t\t<div class=\"elementor-spacer-inner\"><\/div>\n\t\t<\/div>\n\t\t\t\t\t\t<\/div>\n\t\t\t\t<\/div>\n\t\t\t\t\t<\/div>\n\t\t<\/div>\n\t\t\t\t\t<\/div>\n\t\t<\/section>\n\t\t\t\t<section class=\"elementor-section elementor-top-section elementor-element elementor-element-f0aa1dc elementor-section-boxed elementor-section-height-default elementor-section-height-default\" data-id=\"f0aa1dc\" data-element_type=\"section\" data-e-type=\"section\">\n\t\t\t\t\t\t<div class=\"elementor-container elementor-column-gap-default\">\n\t\t\t\t\t<div class=\"elementor-column elementor-col-100 elementor-top-column elementor-element elementor-element-af20719\" data-id=\"af20719\" data-element_type=\"column\" data-e-type=\"column\">\n\t\t\t<div class=\"elementor-widget-wrap elementor-element-populated\">\n\t\t\t\t\t\t<div class=\"elementor-element elementor-element-f449135 elementor-widget elementor-widget-image\" data-id=\"f449135\" data-element_type=\"widget\" data-e-type=\"widget\" data-widget_type=\"image.default\">\n\t\t\t\t<div class=\"elementor-widget-container\">\n\t\t\t\t\t\t\t\t\t\t\t\t\t\t\t<img decoding=\"async\" width=\"1798\" height=\"1200\" src=\"https:\/\/andresgaleano.eu\/wp-content\/uploads\/2023\/01\/Handyhullen-Kunst-1798x1200.jpg\" class=\"attachment-xlarge size-xlarge wp-image-1726\" alt=\"\" srcset=\"https:\/\/andresgaleano.eu\/wp-content\/uploads\/2023\/01\/Handyhullen-Kunst-1798x1200.jpg 1798w, https:\/\/andresgaleano.eu\/wp-content\/uploads\/2023\/01\/Handyhullen-Kunst-600x400.jpg 600w, https:\/\/andresgaleano.eu\/wp-content\/uploads\/2023\/01\/Handyhullen-Kunst-900x600.jpg 900w, https:\/\/andresgaleano.eu\/wp-content\/uploads\/2023\/01\/Handyhullen-Kunst-300x200.jpg 300w, https:\/\/andresgaleano.eu\/wp-content\/uploads\/2023\/01\/Handyhullen-Kunst-768x513.jpg 768w, https:\/\/andresgaleano.eu\/wp-content\/uploads\/2023\/01\/Handyhullen-Kunst-1536x1025.jpg 1536w, https:\/\/andresgaleano.eu\/wp-content\/uploads\/2023\/01\/Handyhullen-Kunst-2048x1367.jpg 2048w\" sizes=\"(max-width: 1798px) 100vw, 1798px\" \/>\t\t\t\t\t\t\t\t\t\t\t\t\t\t\t<\/div>\n\t\t\t\t<\/div>\n\t\t\t\t\t<\/div>\n\t\t<\/div>\n\t\t\t\t\t<\/div>\n\t\t<\/section>\n\t\t\t\t<section class=\"elementor-section elementor-top-section elementor-element elementor-element-3b8fcf6 elementor-section-boxed elementor-section-height-default elementor-section-height-default\" data-id=\"3b8fcf6\" data-element_type=\"section\" data-e-type=\"section\">\n\t\t\t\t\t\t<div class=\"elementor-container elementor-column-gap-default\">\n\t\t\t\t\t<div class=\"elementor-column elementor-col-100 elementor-top-column elementor-element elementor-element-bc4dc62\" data-id=\"bc4dc62\" data-element_type=\"column\" data-e-type=\"column\">\n\t\t\t<div class=\"elementor-widget-wrap elementor-element-populated\">\n\t\t\t\t\t\t<div class=\"elementor-element elementor-element-2765da0 elementor-widget elementor-widget-spacer\" data-id=\"2765da0\" data-element_type=\"widget\" data-e-type=\"widget\" data-widget_type=\"spacer.default\">\n\t\t\t\t<div class=\"elementor-widget-container\">\n\t\t\t\t\t\t\t<div class=\"elementor-spacer\">\n\t\t\t<div class=\"elementor-spacer-inner\"><\/div>\n\t\t<\/div>\n\t\t\t\t\t\t<\/div>\n\t\t\t\t<\/div>\n\t\t\t\t\t<\/div>\n\t\t<\/div>\n\t\t\t\t\t<\/div>\n\t\t<\/section>\n\t\t\t\t<section class=\"elementor-section elementor-top-section elementor-element elementor-element-7d70e19 elementor-section-boxed elementor-section-height-default elementor-section-height-default\" data-id=\"7d70e19\" data-element_type=\"section\" data-e-type=\"section\">\n\t\t\t\t\t\t<div class=\"elementor-container elementor-column-gap-default\">\n\t\t\t\t\t<div class=\"elementor-column elementor-col-100 elementor-top-column elementor-element elementor-element-154a1f0\" data-id=\"154a1f0\" data-element_type=\"column\" data-e-type=\"column\">\n\t\t\t<div class=\"elementor-widget-wrap elementor-element-populated\">\n\t\t\t\t\t\t<div class=\"elementor-element elementor-element-c5373f3 elementor-widget elementor-widget-image\" data-id=\"c5373f3\" data-element_type=\"widget\" data-e-type=\"widget\" data-widget_type=\"image.default\">\n\t\t\t\t<div class=\"elementor-widget-container\">\n\t\t\t\t\t\t\t\t\t\t\t\t\t\t\t<img decoding=\"async\" width=\"1798\" height=\"1200\" src=\"https:\/\/andresgaleano.eu\/wp-content\/uploads\/2023\/01\/souvenir-postphotography-1798x1200.jpg\" class=\"attachment-xlarge size-xlarge wp-image-1728\" alt=\"\" srcset=\"https:\/\/andresgaleano.eu\/wp-content\/uploads\/2023\/01\/souvenir-postphotography-1798x1200.jpg 1798w, https:\/\/andresgaleano.eu\/wp-content\/uploads\/2023\/01\/souvenir-postphotography-600x400.jpg 600w, https:\/\/andresgaleano.eu\/wp-content\/uploads\/2023\/01\/souvenir-postphotography-900x600.jpg 900w, https:\/\/andresgaleano.eu\/wp-content\/uploads\/2023\/01\/souvenir-postphotography-300x200.jpg 300w, https:\/\/andresgaleano.eu\/wp-content\/uploads\/2023\/01\/souvenir-postphotography-768x513.jpg 768w, https:\/\/andresgaleano.eu\/wp-content\/uploads\/2023\/01\/souvenir-postphotography-1536x1025.jpg 1536w, https:\/\/andresgaleano.eu\/wp-content\/uploads\/2023\/01\/souvenir-postphotography-2048x1367.jpg 2048w\" sizes=\"(max-width: 1798px) 100vw, 1798px\" \/>\t\t\t\t\t\t\t\t\t\t\t\t\t\t\t<\/div>\n\t\t\t\t<\/div>\n\t\t\t\t\t<\/div>\n\t\t<\/div>\n\t\t\t\t\t<\/div>\n\t\t<\/section>\n\t\t\t\t<section class=\"elementor-section elementor-top-section elementor-element elementor-element-4383f62 elementor-section-boxed elementor-section-height-default elementor-section-height-default\" data-id=\"4383f62\" data-element_type=\"section\" data-e-type=\"section\">\n\t\t\t\t\t\t<div class=\"elementor-container elementor-column-gap-default\">\n\t\t\t\t\t<div class=\"elementor-column elementor-col-100 elementor-top-column elementor-element elementor-element-3120cd3\" data-id=\"3120cd3\" data-element_type=\"column\" data-e-type=\"column\">\n\t\t\t<div class=\"elementor-widget-wrap elementor-element-populated\">\n\t\t\t\t\t\t<div class=\"elementor-element elementor-element-3a52cff elementor-widget elementor-widget-spacer\" data-id=\"3a52cff\" data-element_type=\"widget\" data-e-type=\"widget\" data-widget_type=\"spacer.default\">\n\t\t\t\t<div class=\"elementor-widget-container\">\n\t\t\t\t\t\t\t<div class=\"elementor-spacer\">\n\t\t\t<div class=\"elementor-spacer-inner\"><\/div>\n\t\t<\/div>\n\t\t\t\t\t\t<\/div>\n\t\t\t\t<\/div>\n\t\t\t\t\t<\/div>\n\t\t<\/div>\n\t\t\t\t\t<\/div>\n\t\t<\/section>\n\t\t\t\t<section class=\"elementor-section elementor-top-section elementor-element elementor-element-5599ed3 elementor-section-boxed elementor-section-height-default elementor-section-height-default\" data-id=\"5599ed3\" data-element_type=\"section\" data-e-type=\"section\">\n\t\t\t\t\t\t<div class=\"elementor-container elementor-column-gap-default\">\n\t\t\t\t\t<div class=\"elementor-column elementor-col-100 elementor-top-column elementor-element elementor-element-e43bbc0\" data-id=\"e43bbc0\" data-element_type=\"column\" data-e-type=\"column\">\n\t\t\t<div class=\"elementor-widget-wrap elementor-element-populated\">\n\t\t\t\t\t\t<div class=\"elementor-element elementor-element-5f0c042 elementor-widget elementor-widget-text-editor\" data-id=\"5f0c042\" data-element_type=\"widget\" data-e-type=\"widget\" data-widget_type=\"text-editor.default\">\n\t\t\t\t<div class=\"elementor-widget-container\">\n\t\t\t\t\t\t\t\t\t<p>From 1854 onwards, portrait photography in the <strong><em>Carte de Visite<\/em><\/strong> format led to a great popularisation of photography and bourgeois expansion of the photographic business. The <em>Carte de Visite<\/em> was usually a 54 x 89mm albumin print on very thin paper mounted on a 64 x 100mm card. On the back of the card, the photographic studio gave information about its address and services. This information was sometimes accompanied by a few prefabricated illustrations in the Victorian taste of that time.<\/p><p><em><strong>Photo Allegories<\/strong><\/em> is a photographic series based on my collection of illustrations of the backs of <em>Carte de Visite<\/em> that reveal some of the allegories with which the young photographic medium used to identify itself. My digital intervention consists of removing all the calligraphic information from the <em>Carte de Visite<\/em> in order to leave only the illustration. And in the same way that the <em>Carte de Visite<\/em> were the first photos destined for family photo albums, this series is printed on mobile phone cases, that is, it uses the back of the contemporary photo album as a support: <strong>the smartphone<\/strong>.<\/p><p><em>Photo Allegories<\/em> shows angels who photograph, who paint, who send photos from the clouds, who hold mirrors, who glow in the sun&#8230; revealing to us both the connection of the photographic<br \/>medium with the celestial, and the initial link between photography, painting and engraving.<\/p><p>Through the history of Photography, this project reflects on the popularisation of the medium itself and its roots. After the democratisation of Kodak from 1888 onwards, the smartphone connected to the internet seems to be the successor of an increasingly ethereal, immaterial and narcissistic medium, which produces images to be sent quickly and destined to \u201cfloat\u201d in the Cloud. Which allegories of the 19th Century Photography are surviving in the mutations of contemporary vernacular photography?<\/p><p><strong>\/\/ESP\/\/<\/strong><\/p><p>A partir de 1854, el retrato fotogr\u00e1fico en el formato de carte de visite supuso una gran popularizaci\u00f3n de la fotograf\u00eda y expansi\u00f3n burguesa del negocio fotogr\u00e1fico. Las <strong><em>carte de visite<\/em><\/strong> eran normalmente una copia a la albumina 54 x 89mm en papel muy fino montadas sobre una tarjeta 64 x 100mm. En la parte trasera de la tarjeta, el estudio fotogr\u00e1fico daba informaci\u00f3n sobre su direcci\u00f3n y servicios. Dicha informaci\u00f3n iba a veces acompa\u00f1ada por algunas ilustraciones prefabricadas seg\u00fan el gusto victoriano de la \u00e9poca.<\/p><p><em><strong>Photo Allegories<\/strong><\/em> es una serie fotogr\u00e1fica basada en mi colecci\u00f3n de ilustraciones de los dorsos de las <em>carte de visite<\/em> que delatan algunas alegor\u00edas con las que se identificaba el joven medio fotogr\u00e1fico. Mi intervenci\u00f3n digital consiste en suprimir toda la informaci\u00f3n caligr\u00e1fica de las carte de visite para dejar s\u00f3lo la ilustraci\u00f3n. Y al igual que las <em>carte de visite<\/em> fueron las primeras fotos destinadas a los foto\u00e1lbumes familiares, esta serie se imprime en carcasas de m\u00f3biles, es decir, usa el dorso del \u00e1lbum fotogr\u00e1fico contempor\u00e1neo como soporte: <strong>el smartphone<\/strong>.<\/p><p><em>Photo allegories<\/em> muestra \u00e1ngeles que fotograf\u00edan, que pintan, que mandan fotos desde las nubes, que sostienen espejos, que resplandecen al sol&#8230; revel\u00e1ndonos tanto la conexi\u00f3n del medio fotogr\u00e1fico con lo celeste, como el v\u00ednculo inicial entre la fotograf\u00eda, la pintura y el grabado.<\/p><p>A trav\u00e9s de la historia de la fotograf\u00eda, este proyecto reflexiona sobre la popularizaci\u00f3n del propio medio y sus ra\u00edces. Despu\u00e9s de la democratizaci\u00f3n de Kodak a partir del 1888, el Smartphone conectado a internet parece ser el heredero de un medio cada vez m\u00e1s et\u00e9reo, inmaterial y narcisista, que realiza im\u00e1genes para enviar r\u00e1pidamente y destinadas a \u201cflotar\u201d en el Cloud. \u00bfQu\u00e9 alegor\u00edas de la fotograf\u00eda del s. XIX perviven en las mutaciones de la fotograf\u00eda vernacular contempor\u00e1nea?<\/p>\t\t\t\t\t\t\t\t<\/div>\n\t\t\t\t<\/div>\n\t\t\t\t\t<\/div>\n\t\t<\/div>\n\t\t\t\t\t<\/div>\n\t\t<\/section>\n\t\t\t\t<section class=\"elementor-section elementor-top-section elementor-element elementor-element-a06a698 elementor-section-boxed elementor-section-height-default elementor-section-height-default\" data-id=\"a06a698\" data-element_type=\"section\" data-e-type=\"section\">\n\t\t\t\t\t\t<div class=\"elementor-container elementor-column-gap-default\">\n\t\t\t\t\t<div class=\"elementor-column elementor-col-100 elementor-top-column elementor-element elementor-element-cb61f18\" data-id=\"cb61f18\" data-element_type=\"column\" data-e-type=\"column\">\n\t\t\t<div class=\"elementor-widget-wrap elementor-element-populated\">\n\t\t\t\t\t\t<div class=\"elementor-element elementor-element-643a47b elementor-widget elementor-widget-spacer\" data-id=\"643a47b\" data-element_type=\"widget\" data-e-type=\"widget\" data-widget_type=\"spacer.default\">\n\t\t\t\t<div class=\"elementor-widget-container\">\n\t\t\t\t\t\t\t<div class=\"elementor-spacer\">\n\t\t\t<div class=\"elementor-spacer-inner\"><\/div>\n\t\t<\/div>\n\t\t\t\t\t\t<\/div>\n\t\t\t\t<\/div>\n\t\t\t\t\t<\/div>\n\t\t<\/div>\n\t\t\t\t\t<\/div>\n\t\t<\/section>\n\t\t\t\t<\/div>\n\t\t","protected":false},"excerpt":{"rendered":"<p>From 1854 onwards, portrait photography in the Carte de Visite format led to a great popularisation of photography and bourgeois expansion of the photographic business. The Carte de Visite was usually a 54 x 89mm albumin print on very thin paper mounted on a 64 x 100mm card. On the back of the card, the [&hellip;]<\/p>\n","protected":false},"author":1,"featured_media":0,"parent":0,"menu_order":0,"comment_status":"closed","ping_status":"closed","template":"","meta":{"footnotes":""},"class_list":["post-1708","page","type-page","status-publish","hentry"],"translation":{"provider":"WPGlobus","version":"3.0.2","language":"es","enabled_languages":["en","es"],"languages":{"en":{"title":true,"content":true,"excerpt":false},"es":{"title":false,"content":false,"excerpt":false}}},"_links":{"self":[{"href":"https:\/\/andresgaleano.eu\/es\/wp-json\/wp\/v2\/pages\/1708","targetHints":{"allow":["GET"]}}],"collection":[{"href":"https:\/\/andresgaleano.eu\/es\/wp-json\/wp\/v2\/pages"}],"about":[{"href":"https:\/\/andresgaleano.eu\/es\/wp-json\/wp\/v2\/types\/page"}],"author":[{"embeddable":true,"href":"https:\/\/andresgaleano.eu\/es\/wp-json\/wp\/v2\/users\/1"}],"replies":[{"embeddable":true,"href":"https:\/\/andresgaleano.eu\/es\/wp-json\/wp\/v2\/comments?post=1708"}],"version-history":[{"count":22,"href":"https:\/\/andresgaleano.eu\/es\/wp-json\/wp\/v2\/pages\/1708\/revisions"}],"predecessor-version":[{"id":1746,"href":"https:\/\/andresgaleano.eu\/es\/wp-json\/wp\/v2\/pages\/1708\/revisions\/1746"}],"wp:attachment":[{"href":"https:\/\/andresgaleano.eu\/es\/wp-json\/wp\/v2\/media?parent=1708"}],"curies":[{"name":"wp","href":"https:\/\/api.w.org\/{rel}","templated":true}]}}