{"id":1876,"date":"2023-05-31T08:26:16","date_gmt":"2023-05-31T08:26:16","guid":{"rendered":"https:\/\/andresgaleano.eu\/?page_id=1876"},"modified":"2023-05-31T08:47:49","modified_gmt":"2023-05-31T08:47:49","slug":"politica-de-privacidad-nephogram","status":"publish","type":"page","link":"https:\/\/andresgaleano.eu\/es\/politica-de-privacidad-nephogram\/","title":{"rendered":"POL\u00cdTICA DE PRIVACIDAD NEPHOGRAM"},"content":{"rendered":"\t\t<div data-elementor-type=\"wp-page\" data-elementor-id=\"1876\" class=\"elementor elementor-1876\">\n\t\t\t\t\t\t<section class=\"elementor-section elementor-top-section elementor-element elementor-element-f012d0b elementor-section-boxed elementor-section-height-default elementor-section-height-default\" data-id=\"f012d0b\" data-element_type=\"section\" data-e-type=\"section\">\n\t\t\t\t\t\t<div class=\"elementor-container elementor-column-gap-default\">\n\t\t\t\t\t<div class=\"elementor-column elementor-col-100 elementor-top-column elementor-element elementor-element-a33303c\" data-id=\"a33303c\" data-element_type=\"column\" data-e-type=\"column\">\n\t\t\t<div class=\"elementor-widget-wrap elementor-element-populated\">\n\t\t\t\t\t\t<div class=\"elementor-element elementor-element-79304f9 elementor-widget elementor-widget-text-editor\" data-id=\"79304f9\" data-element_type=\"widget\" data-e-type=\"widget\" data-widget_type=\"text-editor.default\">\n\t\t\t\t<div class=\"elementor-widget-container\">\n\t\t\t\t\t\t\t\t\t<p><strong>POL\u00cdTICA DE PRIVACIDAD<\/strong><br \/><br \/><strong>T\u00e9rminos y condiciones generales<\/strong><\/p><p>Estas condiciones generales regulan las condiciones en las que usted puede acceder y utilizar Nephogram. Al utilizar Nephogram, usted acepta los siguientes T\u00e9rminos y condiciones generales. Los usuarios que no est\u00e9n de acuerdo con las condiciones generales deber\u00e1n dejar de utilizar la aplicaci\u00f3n inmediatamente.<\/p><p><strong>Caracter\u00edsticas principales<\/strong><\/p><p>Nephogram es una aplicaci\u00f3n para calcular y reducir la huella de carbono de las fotos digitales que compartimos en las redes sociales.<\/p><p>Nephogram es un proyecto art\u00edstico de Andr\u00e9s Galeano.<\/p><p><strong>Uso de la aplicaci\u00f3n<\/strong><\/p><p>Usted es enteramente responsable del contenido que comparte. Nephogram no ser\u00e1 considerado responsable de dicho contenido.<\/p><p><strong>Limitaci\u00f3n de responsabilidad<\/strong><\/p><p>Usted reconoce haber sido informado y acepta el hecho de que en ning\u00fan caso Nephogram ser\u00e1 responsable de la creaci\u00f3n, modificaci\u00f3n o supresi\u00f3n de sus datos personales, que son de su entera responsabilidad. Usted utiliza Nephogram por su cuenta y riesgo. Bajo ninguna circunstancia Nephogram ser\u00e1 responsable de cualquier da\u00f1o directo o indirecto, en particular perjuicio material, p\u00e9rdida de datos o perjuicio financiero relacionado con el acceso o uso de esta aplicaci\u00f3n. Usted es enteramente responsable de cualquier da\u00f1o causado a su smartphone o de cualquier p\u00e9rdida de datos que pueda producirse como resultado del uso de la aplicaci\u00f3n.<\/p><p>En ning\u00fan caso Nephogram ser\u00e1 responsable de la exactitud de los resultados obtenidos mediante el uso del software de Nephogram. Nephogram no ser\u00e1 en ning\u00fan caso responsable de los da\u00f1os directos o indirectos que puedan producirse como consecuencia del uso de la aplicaci\u00f3n.<\/p><p>Cualquier informaci\u00f3n proporcionada por la aplicaci\u00f3n Nephogram es s\u00f3lo para fines informativos generales, y no tiene la intenci\u00f3n de proporcionar la perfecci\u00f3n. La proporcionamos de buena fe, tratando de ofrecer informaci\u00f3n precisa, pero no somos responsables si ese intento falla.<\/p><p><strong>Derechos y obligaciones de los usuarios<\/strong><\/p><p>El contenido de esta aplicaci\u00f3n est\u00e1 protegido por la legislaci\u00f3n sobre propiedad literaria y art\u00edstica, el Convenio de Berna y la Directiva 96\/9\/CE de la UE. Toda reproducci\u00f3n que no sea para uso personal de los usuarios de la aplicaci\u00f3n, especialmente con vistas a su publicaci\u00f3n en cualquier formato, est\u00e1 estrictamente prohibida sin el permiso expreso y por escrito del artista Andr\u00e9s Galeano.<\/p><p>Los usuarios son responsables de la interpretaci\u00f3n y el uso que hagan de la informaci\u00f3n consultada, as\u00ed como de los datos que faciliten en los formularios incluidos en la aplicaci\u00f3n.<\/p><p><strong>Derechos de propiedad intelectual<\/strong><\/p><p>Ning\u00fan elemento de la aplicaci\u00f3n Nephogram podr\u00e1 ser copiado, reproducido, modificado, republicado, descargado, distorsionado, transmitido o distribuido, sea como fuere, parcial o integralmente, sin la autorizaci\u00f3n previa y por escrito del artista Andr\u00e9s Galeano, salvo para el estricto uso requerido por las necesidades de la prensa, y siempre que se respeten los derechos de propiedad intelectual y cualesquiera otros derechos de propiedad mencionados.<\/p><p>\u00a9 2023, Nephogram, Andr\u00e9s Galeano, VG Bild-Kunst Bonn. Todos los derechos reservados.<\/p><p>El contenido y la informaci\u00f3n que publique utilizando Nephogram le pertenecen. Usted garantiza que el contenido y la informaci\u00f3n que publique utilizando Nephogram no infringe ning\u00fan derecho de terceros, como, por ejemplo, entre otros, cualquier derecho de propiedad intelectual o de privacidad.<br \/><br \/><strong>Datos personales<\/strong><\/p><p>La aplicaci\u00f3n Nephogram no recopila, utiliza ni comparte los datos del usuario. La aplicaci\u00f3n no utiliza anuncios ni servicios de terceros. La informaci\u00f3n que proporciona a Nephogram permanece en su tel\u00e9fono, nunca se transmite y se utiliza \u00fanicamente para los c\u00e1lculos de carbono.<\/p><p>\u00a0<\/p>\t\t\t\t\t\t\t\t<\/div>\n\t\t\t\t<\/div>\n\t\t\t\t\t<\/div>\n\t\t<\/div>\n\t\t\t\t\t<\/div>\n\t\t<\/section>\n\t\t\t\t<\/div>\n\t\t","protected":false},"excerpt":{"rendered":"<p>POL\u00cdTICA DE PRIVACIDAD T\u00e9rminos y condiciones generales Estas condiciones generales regulan las condiciones en las que usted puede acceder y utilizar Nephogram. Al utilizar Nephogram, usted acepta los siguientes T\u00e9rminos y condiciones generales. Los usuarios que no est\u00e9n de acuerdo con las condiciones generales deber\u00e1n dejar de utilizar la aplicaci\u00f3n inmediatamente. Caracter\u00edsticas principales Nephogram es [&hellip;]<\/p>\n","protected":false},"author":1,"featured_media":0,"parent":0,"menu_order":0,"comment_status":"closed","ping_status":"closed","template":"","meta":{"footnotes":""},"class_list":["post-1876","page","type-page","status-publish","hentry"],"translation":{"provider":"WPGlobus","version":"3.0.2","language":"es","enabled_languages":["en","es"],"languages":{"en":{"title":true,"content":true,"excerpt":false},"es":{"title":false,"content":false,"excerpt":false}}},"_links":{"self":[{"href":"https:\/\/andresgaleano.eu\/es\/wp-json\/wp\/v2\/pages\/1876","targetHints":{"allow":["GET"]}}],"collection":[{"href":"https:\/\/andresgaleano.eu\/es\/wp-json\/wp\/v2\/pages"}],"about":[{"href":"https:\/\/andresgaleano.eu\/es\/wp-json\/wp\/v2\/types\/page"}],"author":[{"embeddable":true,"href":"https:\/\/andresgaleano.eu\/es\/wp-json\/wp\/v2\/users\/1"}],"replies":[{"embeddable":true,"href":"https:\/\/andresgaleano.eu\/es\/wp-json\/wp\/v2\/comments?post=1876"}],"version-history":[{"count":7,"href":"https:\/\/andresgaleano.eu\/es\/wp-json\/wp\/v2\/pages\/1876\/revisions"}],"predecessor-version":[{"id":1891,"href":"https:\/\/andresgaleano.eu\/es\/wp-json\/wp\/v2\/pages\/1876\/revisions\/1891"}],"wp:attachment":[{"href":"https:\/\/andresgaleano.eu\/es\/wp-json\/wp\/v2\/media?parent=1876"}],"curies":[{"name":"wp","href":"https:\/\/api.w.org\/{rel}","templated":true}]}}