{"id":23,"date":"2015-09-23T12:59:28","date_gmt":"2015-09-23T12:59:28","guid":{"rendered":"http:\/\/andresgaleano.eu\/?page_id=23"},"modified":"2019-04-23T17:25:33","modified_gmt":"2019-04-23T17:25:33","slug":"unknown-photographers","status":"publish","type":"page","link":"https:\/\/andresgaleano.eu\/es\/unknown-photographers\/","title":{"rendered":"unknown photographers"},"content":{"rendered":"\t\t<div data-elementor-type=\"wp-post\" data-elementor-id=\"23\" class=\"elementor elementor-23 elementor-bc-flex-widget\">\n\t\t\t\t\t\t<section class=\"elementor-section elementor-top-section elementor-element elementor-element-3484730 elementor-section-boxed elementor-section-height-default elementor-section-height-default\" data-id=\"3484730\" data-element_type=\"section\" data-e-type=\"section\">\n\t\t\t\t\t\t<div class=\"elementor-container elementor-column-gap-default\">\n\t\t\t\t\t<div class=\"elementor-column elementor-col-100 elementor-top-column elementor-element elementor-element-2e91bda\" data-id=\"2e91bda\" data-element_type=\"column\" data-e-type=\"column\">\n\t\t\t<div class=\"elementor-widget-wrap elementor-element-populated\">\n\t\t\t\t\t\t<div class=\"elementor-element elementor-element-8858701 elementor-widget elementor-widget-spacer\" data-id=\"8858701\" data-element_type=\"widget\" data-e-type=\"widget\" data-widget_type=\"spacer.default\">\n\t\t\t\t<div class=\"elementor-widget-container\">\n\t\t\t\t\t\t\t<div class=\"elementor-spacer\">\n\t\t\t<div class=\"elementor-spacer-inner\"><\/div>\n\t\t<\/div>\n\t\t\t\t\t\t<\/div>\n\t\t\t\t<\/div>\n\t\t\t\t<div class=\"elementor-element elementor-element-0a2f5f1 elementor-widget elementor-widget-image\" data-id=\"0a2f5f1\" data-element_type=\"widget\" data-e-type=\"widget\" data-widget_type=\"image.default\">\n\t\t\t\t<div class=\"elementor-widget-container\">\n\t\t\t\t\t\t\t\t\t\t\t\t<figure class=\"wp-caption\">\n\t\t\t\t\t\t\t\t\t\t<img fetchpriority=\"high\" decoding=\"async\" width=\"850\" height=\"568\" src=\"https:\/\/andresgaleano.eu\/wp-content\/uploads\/2018\/11\/DSC_3845_edited_web.jpg\" class=\"attachment-xlarge size-xlarge wp-image-806\" alt=\"\" srcset=\"https:\/\/andresgaleano.eu\/wp-content\/uploads\/2018\/11\/DSC_3845_edited_web.jpg 850w, https:\/\/andresgaleano.eu\/wp-content\/uploads\/2018\/11\/DSC_3845_edited_web-299x200.jpg 299w, https:\/\/andresgaleano.eu\/wp-content\/uploads\/2018\/11\/DSC_3845_edited_web-600x400.jpg 600w, https:\/\/andresgaleano.eu\/wp-content\/uploads\/2018\/11\/DSC_3845_edited_web-768x513.jpg 768w\" sizes=\"(max-width: 850px) 100vw, 850px\" \/>\t\t\t\t\t\t\t\t\t\t\t<figcaption class=\"widget-image-caption wp-caption-text\">UNKNOWN PHOTOGRAPHERS at Funda\u00e7\u00e3o Portuguesa das Comunica\u00e7\u00f5es, Lisboa, 2018 (Detail)<\/figcaption>\n\t\t\t\t\t\t\t\t\t\t<\/figure>\n\t\t\t\t\t\t\t\t\t<\/div>\n\t\t\t\t<\/div>\n\t\t\t\t\t<\/div>\n\t\t<\/div>\n\t\t\t\t\t<\/div>\n\t\t<\/section>\n\t\t\t\t<section class=\"elementor-section elementor-top-section elementor-element elementor-element-bdcf4a5 elementor-section-boxed elementor-section-height-default elementor-section-height-default\" data-id=\"bdcf4a5\" data-element_type=\"section\" data-e-type=\"section\">\n\t\t\t\t\t\t<div class=\"elementor-container elementor-column-gap-default\">\n\t\t\t\t\t<div class=\"elementor-column elementor-col-100 elementor-top-column elementor-element elementor-element-ae4c64c\" data-id=\"ae4c64c\" data-element_type=\"column\" data-e-type=\"column\">\n\t\t\t<div class=\"elementor-widget-wrap elementor-element-populated\">\n\t\t\t\t\t\t<div class=\"elementor-element elementor-element-629a19d elementor-widget elementor-widget-text-editor\" data-id=\"629a19d\" data-element_type=\"widget\" data-e-type=\"widget\" data-widget_type=\"text-editor.default\">\n\t\t\t\t<div class=\"elementor-widget-container\">\n\t\t\t\t\t\t\t\t\t<p>\u00a0<\/p><p><strong>2012-ongoing<\/strong><\/p><p><strong>analogue photography<\/strong><\/p><p><strong>Found photoalbum&#8217;s picture | C-Prints &amp; Silver Gelatin Prints | unique pieces<\/strong><\/p><p>\u00a0<\/p><p>Post-photographic project based on montages of analogue found photo album&#8217;s pictures and reflecting on the latent desire of every photograph to trascend the instant.<\/p>\t\t\t\t\t\t\t\t<\/div>\n\t\t\t\t<\/div>\n\t\t\t\t\t<\/div>\n\t\t<\/div>\n\t\t\t\t\t<\/div>\n\t\t<\/section>\n\t\t\t\t<section class=\"elementor-section elementor-top-section elementor-element elementor-element-5c77364 elementor-section-boxed elementor-section-height-default elementor-section-height-default\" data-id=\"5c77364\" data-element_type=\"section\" data-e-type=\"section\">\n\t\t\t\t\t\t<div class=\"elementor-container elementor-column-gap-default\">\n\t\t\t\t\t<div class=\"elementor-column elementor-col-100 elementor-top-column elementor-element elementor-element-965f8b6\" data-id=\"965f8b6\" data-element_type=\"column\" data-e-type=\"column\">\n\t\t\t<div class=\"elementor-widget-wrap elementor-element-populated\">\n\t\t\t\t\t\t<div class=\"elementor-element elementor-element-466f598 elementor-widget-divider--view-line elementor-widget elementor-widget-divider\" data-id=\"466f598\" data-element_type=\"widget\" data-e-type=\"widget\" data-widget_type=\"divider.default\">\n\t\t\t\t<div class=\"elementor-widget-container\">\n\t\t\t\t\t\t\t<div class=\"elementor-divider\">\n\t\t\t<span class=\"elementor-divider-separator\">\n\t\t\t\t\t\t<\/span>\n\t\t<\/div>\n\t\t\t\t\t\t<\/div>\n\t\t\t\t<\/div>\n\t\t\t\t\t<\/div>\n\t\t<\/div>\n\t\t\t\t\t<\/div>\n\t\t<\/section>\n\t\t\t\t<section class=\"elementor-section elementor-top-section elementor-element elementor-element-5345535 elementor-section-boxed elementor-section-height-default elementor-section-height-default\" data-id=\"5345535\" data-element_type=\"section\" data-e-type=\"section\">\n\t\t\t\t\t\t<div class=\"elementor-container elementor-column-gap-default\">\n\t\t\t\t\t<div class=\"elementor-column elementor-col-100 elementor-top-column elementor-element elementor-element-cce2680\" data-id=\"cce2680\" data-element_type=\"column\" data-e-type=\"column\">\n\t\t\t<div class=\"elementor-widget-wrap elementor-element-populated\">\n\t\t\t\t\t\t<div class=\"elementor-element elementor-element-46cbd2e elementor-widget elementor-widget-justified-gallery\" data-id=\"46cbd2e\" data-element_type=\"widget\" data-e-type=\"widget\" data-widget_type=\"justified-gallery.default\">\n\t\t\t\t<div class=\"elementor-widget-container\">\n\t\t\t\t\t\t\t\t<div id=\"jg-46cbd2e\" class=\"hide-gallery elementor-justified-gallery\" data-row-height=\"300\" data-margins=\"8\" data-last-row=\"justify\" data-randomize=\"false\" data-selector=\"a\">\n\t\t\t\t\t\t\t\t\t\n\t\t\t\t\t\t\t\t\t\t\t<a href=\"https:\/\/andresgaleano.eu\/wp-content\/uploads\/2017\/12\/sky-studies-8-_72dpi_edited.jpg\" class=\"elementor-clickable\" data-elementor-open-lightbox=\"default\" data-elementor-lightbox-slideshow=\"46cbd2e\">\n\t\t\t\t\t\n\t\t\t\t\t<img decoding=\"async\" src=\"https:\/\/andresgaleano.eu\/wp-content\/uploads\/2017\/12\/sky-studies-8-_72dpi_edited-757x600.jpg\" alt=\"\">\n\n\t\t\t\t\t\t\t\t\t\t\t<\/a>\n\t\t\t\t\t\t\t\t\t\t\t\t\t\t\n\t\t\t\t\t\t\t\t\t\t\t<a href=\"https:\/\/andresgaleano.eu\/wp-content\/uploads\/2018\/05\/sky-studies-4_edited_72.jpg\" class=\"elementor-clickable\" data-elementor-open-lightbox=\"default\" data-elementor-lightbox-slideshow=\"46cbd2e\">\n\t\t\t\t\t\n\t\t\t\t\t<img decoding=\"async\" src=\"https:\/\/andresgaleano.eu\/wp-content\/uploads\/2018\/05\/sky-studies-4_edited_72-595x600.jpg\" alt=\"\">\n\n\t\t\t\t\t\t\t\t\t\t\t<\/a>\n\t\t\t\t\t\t\t\t\t\t\t\t\t\t\n\t\t\t\t\t\t\t\t\t\t\t<a href=\"https:\/\/andresgaleano.eu\/wp-content\/uploads\/2018\/11\/sky-studies-10.jpg\" class=\"elementor-clickable\" data-elementor-open-lightbox=\"default\" data-elementor-lightbox-slideshow=\"46cbd2e\">\n\t\t\t\t\t\n\t\t\t\t\t<img decoding=\"async\" src=\"https:\/\/andresgaleano.eu\/wp-content\/uploads\/2018\/11\/sky-studies-10.jpg\" alt=\"\">\n\n\t\t\t\t\t\t\t\t\t\t\t<\/a>\n\t\t\t\t\t\t\t\t\t\t\t\t\t\t\n\t\t\t\t\t\t\t\t\t\t\t<a href=\"https:\/\/andresgaleano.eu\/wp-content\/uploads\/2018\/11\/Sky-studies.jpg\" class=\"elementor-clickable\" data-elementor-open-lightbox=\"default\" data-elementor-lightbox-slideshow=\"46cbd2e\">\n\t\t\t\t\t\n\t\t\t\t\t<img decoding=\"async\" src=\"https:\/\/andresgaleano.eu\/wp-content\/uploads\/2018\/11\/Sky-studies-445x600.jpg\" alt=\"\">\n\n\t\t\t\t\t\t\t\t\t\t\t<\/a>\n\t\t\t\t\t\t\t\t\t\t\t\t\t\t\n\t\t\t\t\t\t\t\t\t\t\t<a href=\"https:\/\/andresgaleano.eu\/wp-content\/uploads\/2015\/09\/andres-galeano.jpg\" class=\"elementor-clickable\" data-elementor-open-lightbox=\"default\" data-elementor-lightbox-slideshow=\"46cbd2e\">\n\t\t\t\t\t\n\t\t\t\t\t<img decoding=\"async\" src=\"https:\/\/andresgaleano.eu\/wp-content\/uploads\/2015\/09\/andres-galeano-840x600.jpg\" alt=\"\">\n\n\t\t\t\t\t\t\t\t\t\t\t<\/a>\n\t\t\t\t\t\t\t\t\t\t\t\t\t\t\n\t\t\t\t\t\t\t\t\t\t\t<a href=\"https:\/\/andresgaleano.eu\/wp-content\/uploads\/2018\/11\/circular-skies.jpg\" class=\"elementor-clickable\" data-elementor-open-lightbox=\"default\" data-elementor-lightbox-slideshow=\"46cbd2e\">\n\t\t\t\t\t\n\t\t\t\t\t<img decoding=\"async\" src=\"https:\/\/andresgaleano.eu\/wp-content\/uploads\/2018\/11\/circular-skies-809x600.jpg\" alt=\"\">\n\n\t\t\t\t\t\t\t\t\t\t\t<\/a>\n\t\t\t\t\t\t\t\t\t\t\t\t\t\t\n\t\t\t\t\t\t\t\t\t\t\t<a href=\"https:\/\/andresgaleano.eu\/wp-content\/uploads\/2015\/09\/andres-galeano-circular.jpg\" class=\"elementor-clickable\" data-elementor-open-lightbox=\"default\" data-elementor-lightbox-slideshow=\"46cbd2e\">\n\t\t\t\t\t\n\t\t\t\t\t<img decoding=\"async\" src=\"https:\/\/andresgaleano.eu\/wp-content\/uploads\/2015\/09\/andres-galeano-circular-609x600.jpg\" alt=\"\">\n\n\t\t\t\t\t\t\t\t\t\t\t<\/a>\n\t\t\t\t\t\t\t\t\t\t\t\t\t\t\n\t\t\t\t\t\t\t\t\t\t\t<a href=\"https:\/\/andresgaleano.eu\/wp-content\/uploads\/2017\/04\/Unknown-Photographers-199_edit_72dpi.jpg\" class=\"elementor-clickable\" data-elementor-open-lightbox=\"default\" data-elementor-lightbox-slideshow=\"46cbd2e\">\n\t\t\t\t\t\n\t\t\t\t\t<img decoding=\"async\" src=\"https:\/\/andresgaleano.eu\/wp-content\/uploads\/2017\/04\/Unknown-Photographers-199_edit_72dpi-900x443.jpg\" alt=\"\">\n\n\t\t\t\t\t\t\t\t\t\t\t<\/a>\n\t\t\t\t\t\t\t\t\t\t\t\t\t\t\n\t\t\t\t\t\t\t\t\t\t\t<a href=\"https:\/\/andresgaleano.eu\/wp-content\/uploads\/2015\/09\/andres-galeano-photo.jpg\" class=\"elementor-clickable\" data-elementor-open-lightbox=\"default\" data-elementor-lightbox-slideshow=\"46cbd2e\">\n\t\t\t\t\t\n\t\t\t\t\t<img decoding=\"async\" src=\"https:\/\/andresgaleano.eu\/wp-content\/uploads\/2015\/09\/andres-galeano-photo-614x600.jpg\" alt=\"\">\n\n\t\t\t\t\t\t\t\t\t\t\t<\/a>\n\t\t\t\t\t\t\t\t\t\t\t\t\t\t\n\t\t\t\t\t\t\t\t\t\t\t<a href=\"https:\/\/andresgaleano.eu\/wp-content\/uploads\/2015\/09\/sky-Photographers-photography.jpg\" class=\"elementor-clickable\" data-elementor-open-lightbox=\"default\" data-elementor-lightbox-slideshow=\"46cbd2e\">\n\t\t\t\t\t\n\t\t\t\t\t<img decoding=\"async\" src=\"https:\/\/andresgaleano.eu\/wp-content\/uploads\/2015\/09\/sky-Photographers-photography-327x600.jpg\" alt=\"\">\n\n\t\t\t\t\t\t\t\t\t\t\t<\/a>\n\t\t\t\t\t\t\t\t\t\t\t\t\t\t\n\t\t\t\t\t\t\t\t\t\t\t<a href=\"https:\/\/andresgaleano.eu\/wp-content\/uploads\/2016\/03\/sunset-Berlin.jpg\" class=\"elementor-clickable\" data-elementor-open-lightbox=\"default\" data-elementor-lightbox-slideshow=\"46cbd2e\">\n\t\t\t\t\t\n\t\t\t\t\t<img decoding=\"async\" src=\"https:\/\/andresgaleano.eu\/wp-content\/uploads\/2016\/03\/sunset-Berlin-338x600.jpg\" alt=\"\">\n\n\t\t\t\t\t\t\t\t\t\t\t<\/a>\n\t\t\t\t\t\t\t\t\t\t\t\t\t\t\n\t\t\t\t\t\t\t\t\t\t\t<a href=\"https:\/\/andresgaleano.eu\/wp-content\/uploads\/2017\/12\/baby-.jpg\" class=\"elementor-clickable\" data-elementor-open-lightbox=\"default\" data-elementor-lightbox-slideshow=\"46cbd2e\">\n\t\t\t\t\t\n\t\t\t\t\t<img decoding=\"async\" src=\"https:\/\/andresgaleano.eu\/wp-content\/uploads\/2017\/12\/baby-.jpg\" alt=\"\">\n\n\t\t\t\t\t\t\t\t\t\t\t<\/a>\n\t\t\t\t\t\t\t\t\t\t\t\t\t\t\n\t\t\t\t\t\t\t\t\t\t\t<a href=\"https:\/\/andresgaleano.eu\/wp-content\/uploads\/2015\/09\/contemporary-photography-galeano.jpg\" class=\"elementor-clickable\" data-elementor-open-lightbox=\"default\" data-elementor-lightbox-slideshow=\"46cbd2e\">\n\t\t\t\t\t\n\t\t\t\t\t<img decoding=\"async\" src=\"https:\/\/andresgaleano.eu\/wp-content\/uploads\/2015\/09\/contemporary-photography-galeano-536x600.jpg\" alt=\"\">\n\n\t\t\t\t\t\t\t\t\t\t\t<\/a>\n\t\t\t\t\t\t\t\t\t\t\t\t\t\t\n\t\t\t\t\t\t\t\t\t\t\t<a href=\"https:\/\/andresgaleano.eu\/wp-content\/uploads\/2016\/03\/religion_cruz_meteorito.jpg\" class=\"elementor-clickable\" data-elementor-open-lightbox=\"default\" data-elementor-lightbox-slideshow=\"46cbd2e\">\n\t\t\t\t\t\n\t\t\t\t\t<img decoding=\"async\" src=\"https:\/\/andresgaleano.eu\/wp-content\/uploads\/2016\/03\/religion_cruz_meteorito-512x600.jpg\" alt=\"\">\n\n\t\t\t\t\t\t\t\t\t\t\t<\/a>\n\t\t\t\t\t\t\t\t\t\t\t\t\t\t\n\t\t\t\t\t\t\t\t\t\t\t<a href=\"https:\/\/andresgaleano.eu\/wp-content\/uploads\/2015\/09\/contemporary-art-galeano.jpg\" class=\"elementor-clickable\" data-elementor-open-lightbox=\"default\" data-elementor-lightbox-slideshow=\"46cbd2e\">\n\t\t\t\t\t\n\t\t\t\t\t<img decoding=\"async\" src=\"https:\/\/andresgaleano.eu\/wp-content\/uploads\/2015\/09\/contemporary-art-galeano.jpg\" alt=\"\">\n\n\t\t\t\t\t\t\t\t\t\t\t<\/a>\n\t\t\t\t\t\t\t\t\t\t\t\t\t\t\n\t\t\t\t\t\t\t\t\t\t\t<a href=\"https:\/\/andresgaleano.eu\/wp-content\/uploads\/2015\/09\/holidays-photographyjpg.jpg\" class=\"elementor-clickable\" data-elementor-open-lightbox=\"default\" data-elementor-lightbox-slideshow=\"46cbd2e\">\n\t\t\t\t\t\n\t\t\t\t\t<img decoding=\"async\" src=\"https:\/\/andresgaleano.eu\/wp-content\/uploads\/2015\/09\/holidays-photographyjpg-597x600.jpg\" alt=\"\">\n\n\t\t\t\t\t\t\t\t\t\t\t<\/a>\n\t\t\t\t\t\t\t\t\t\t\t\t\t\t\n\t\t\t\t\t\t\t\t\t\t\t<a href=\"https:\/\/andresgaleano.eu\/wp-content\/uploads\/2015\/09\/andres-galeano-photography.jpg\" class=\"elementor-clickable\" data-elementor-open-lightbox=\"default\" data-elementor-lightbox-slideshow=\"46cbd2e\">\n\t\t\t\t\t\n\t\t\t\t\t<img decoding=\"async\" src=\"https:\/\/andresgaleano.eu\/wp-content\/uploads\/2015\/09\/andres-galeano-photography.jpg\" alt=\"\">\n\n\t\t\t\t\t\t\t\t\t\t\t<\/a>\n\t\t\t\t\t\t\t\t\t\t\t\t\t\t\n\t\t\t\t\t\t\t\t\t\t\t<a href=\"https:\/\/andresgaleano.eu\/wp-content\/uploads\/2015\/09\/post-photography.jpg\" class=\"elementor-clickable\" data-elementor-open-lightbox=\"default\" data-elementor-lightbox-slideshow=\"46cbd2e\">\n\t\t\t\t\t\n\t\t\t\t\t<img decoding=\"async\" src=\"https:\/\/andresgaleano.eu\/wp-content\/uploads\/2015\/09\/post-photography-501x600.jpg\" alt=\"\">\n\n\t\t\t\t\t\t\t\t\t\t\t<\/a>\n\t\t\t\t\t\t\t\t\t\t\t\t\t\t\n\t\t\t\t\t\t\t\t\t\t\t<a href=\"https:\/\/andresgaleano.eu\/wp-content\/uploads\/2015\/09\/univers-andres-galeano.jpg\" class=\"elementor-clickable\" data-elementor-open-lightbox=\"default\" data-elementor-lightbox-slideshow=\"46cbd2e\">\n\t\t\t\t\t\n\t\t\t\t\t<img decoding=\"async\" src=\"https:\/\/andresgaleano.eu\/wp-content\/uploads\/2015\/09\/univers-andres-galeano-501x600.jpg\" alt=\"\">\n\n\t\t\t\t\t\t\t\t\t\t\t<\/a>\n\t\t\t\t\t\t\t\t\t\t\t\t\t\t\n\t\t\t\t\t\t\t\t\t\t\t<a href=\"https:\/\/andresgaleano.eu\/wp-content\/uploads\/2018\/11\/Unknown-Photographers-193.jpg\" class=\"elementor-clickable\" data-elementor-open-lightbox=\"default\" data-elementor-lightbox-slideshow=\"46cbd2e\">\n\t\t\t\t\t\n\t\t\t\t\t<img decoding=\"async\" src=\"https:\/\/andresgaleano.eu\/wp-content\/uploads\/2018\/11\/Unknown-Photographers-193-601x600.jpg\" alt=\"\">\n\n\t\t\t\t\t\t\t\t\t\t\t<\/a>\n\t\t\t\t\t\t\t\t\t\t\t\t\t\t\n\t\t\t\t\t\t\t\t\t\t\t<a href=\"https:\/\/andresgaleano.eu\/wp-content\/uploads\/2016\/03\/identidad_cielo.jpg\" class=\"elementor-clickable\" data-elementor-open-lightbox=\"default\" data-elementor-lightbox-slideshow=\"46cbd2e\">\n\t\t\t\t\t\n\t\t\t\t\t<img decoding=\"async\" src=\"https:\/\/andresgaleano.eu\/wp-content\/uploads\/2016\/03\/identidad_cielo.jpg\" alt=\"\">\n\n\t\t\t\t\t\t\t\t\t\t\t<\/a>\n\t\t\t\t\t\t\t\t\t\t\t\t\t\t\n\t\t\t\t\t\t\t\t\t\t\t<a href=\"https:\/\/andresgaleano.eu\/wp-content\/uploads\/2015\/09\/galeano-fotokunst.jpg\" class=\"elementor-clickable\" data-elementor-open-lightbox=\"default\" data-elementor-lightbox-slideshow=\"46cbd2e\">\n\t\t\t\t\t\n\t\t\t\t\t<img decoding=\"async\" src=\"https:\/\/andresgaleano.eu\/wp-content\/uploads\/2015\/09\/galeano-fotokunst.jpg\" alt=\"\">\n\n\t\t\t\t\t\t\t\t\t\t\t<\/a>\n\t\t\t\t\t\t\t\t\t\t\t\t\t\t\n\t\t\t\t\t\t\t\t\t\t\t<a href=\"https:\/\/andresgaleano.eu\/wp-content\/uploads\/2015\/09\/fotokunst-andres-galeano.jpg\" class=\"elementor-clickable\" data-elementor-open-lightbox=\"default\" data-elementor-lightbox-slideshow=\"46cbd2e\">\n\t\t\t\t\t\n\t\t\t\t\t<img decoding=\"async\" src=\"https:\/\/andresgaleano.eu\/wp-content\/uploads\/2015\/09\/fotokunst-andres-galeano-453x600.jpg\" alt=\"\">\n\n\t\t\t\t\t\t\t\t\t\t\t<\/a>\n\t\t\t\t\t\t\t\t\t\t\t\t\t\t\n\t\t\t\t\t\t\t\t\t\t\t<a href=\"https:\/\/andresgaleano.eu\/wp-content\/uploads\/2015\/09\/andres-galeano-portrait.jpg\" class=\"elementor-clickable\" data-elementor-open-lightbox=\"default\" data-elementor-lightbox-slideshow=\"46cbd2e\">\n\t\t\t\t\t\n\t\t\t\t\t<img decoding=\"async\" src=\"https:\/\/andresgaleano.eu\/wp-content\/uploads\/2015\/09\/andres-galeano-portrait-428x600.jpg\" alt=\"\">\n\n\t\t\t\t\t\t\t\t\t\t\t<\/a>\n\t\t\t\t\t\t\t\t\t\t\t\t\t\t\n\t\t\t\t\t\t\t\t\t\t\t<a href=\"https:\/\/andresgaleano.eu\/wp-content\/uploads\/2018\/11\/Unknown-Photographers-182-copia.jpg\" class=\"elementor-clickable\" data-elementor-open-lightbox=\"default\" data-elementor-lightbox-slideshow=\"46cbd2e\">\n\t\t\t\t\t\n\t\t\t\t\t<img decoding=\"async\" src=\"https:\/\/andresgaleano.eu\/wp-content\/uploads\/2018\/11\/Unknown-Photographers-182-copia-448x600.jpg\" alt=\"\">\n\n\t\t\t\t\t\t\t\t\t\t\t<\/a>\n\t\t\t\t\t\t\t\t\t\t\t\t\t\t\n\t\t\t\t\t\t\t\t\t\t\t<a href=\"https:\/\/andresgaleano.eu\/wp-content\/uploads\/2015\/09\/berlin-art-Photographers.jpg\" class=\"elementor-clickable\" data-elementor-open-lightbox=\"default\" data-elementor-lightbox-slideshow=\"46cbd2e\">\n\t\t\t\t\t\n\t\t\t\t\t<img decoding=\"async\" src=\"https:\/\/andresgaleano.eu\/wp-content\/uploads\/2015\/09\/berlin-art-Photographers-802x600.jpg\" alt=\"\">\n\n\t\t\t\t\t\t\t\t\t\t\t<\/a>\n\t\t\t\t\t\t\t\t\t\t\t\t\t\t\n\t\t\t\t\t\t\t\t\t\t\t<a href=\"https:\/\/andresgaleano.eu\/wp-content\/uploads\/2015\/09\/galeano-artwork.jpg\" class=\"elementor-clickable\" data-elementor-open-lightbox=\"default\" data-elementor-lightbox-slideshow=\"46cbd2e\">\n\t\t\t\t\t\n\t\t\t\t\t<img decoding=\"async\" src=\"https:\/\/andresgaleano.eu\/wp-content\/uploads\/2015\/09\/galeano-artwork-814x600.jpg\" alt=\"\">\n\n\t\t\t\t\t\t\t\t\t\t\t<\/a>\n\t\t\t\t\t\t\t\t\t\t\t\t\t\t\n\t\t\t\t\t\t\t\t\t\t\t<a href=\"https:\/\/andresgaleano.eu\/wp-content\/uploads\/2015\/09\/andres-galeano-fotokunst.jpg\" class=\"elementor-clickable\" data-elementor-open-lightbox=\"default\" data-elementor-lightbox-slideshow=\"46cbd2e\">\n\t\t\t\t\t\n\t\t\t\t\t<img decoding=\"async\" src=\"https:\/\/andresgaleano.eu\/wp-content\/uploads\/2015\/09\/andres-galeano-fotokunst-900x512.jpg\" alt=\"\">\n\n\t\t\t\t\t\t\t\t\t\t\t<\/a>\n\t\t\t\t\t\t\t\t\t\t\t\t\t\t\n\t\t\t\t\t\t\t\t\t\t\t<a href=\"https:\/\/andresgaleano.eu\/wp-content\/uploads\/2015\/09\/andres-galeano-photographer.jpg\" class=\"elementor-clickable\" data-elementor-open-lightbox=\"default\" data-elementor-lightbox-slideshow=\"46cbd2e\">\n\t\t\t\t\t\n\t\t\t\t\t<img decoding=\"async\" src=\"https:\/\/andresgaleano.eu\/wp-content\/uploads\/2015\/09\/andres-galeano-photographer.jpg\" alt=\"\">\n\n\t\t\t\t\t\t\t\t\t\t\t<\/a>\n\t\t\t\t\t\t\t\t\t\t\t\t\t\t\n\t\t\t\t\t\t\t\t\t\t\t<a href=\"https:\/\/andresgaleano.eu\/wp-content\/uploads\/2018\/11\/foto-libro.jpg\" class=\"elementor-clickable\" data-elementor-open-lightbox=\"default\" data-elementor-lightbox-slideshow=\"46cbd2e\">\n\t\t\t\t\t\n\t\t\t\t\t<img decoding=\"async\" src=\"https:\/\/andresgaleano.eu\/wp-content\/uploads\/2018\/11\/foto-libro-592x600.jpg\" alt=\"\">\n\n\t\t\t\t\t\t\t\t\t\t\t<\/a>\n\t\t\t\t\t\t\t\t\t\t\t\t<\/div>\n\t\t\t<script>\n\t\t\t\tjQuery(document).ready(function(){\n\t\t\t\t\tjQuery(document).trigger('elementor\/render\/justified-gallery','#jg-46cbd2e');\n\t\t\t\t});\n\t\t\t<\/script>\n\t\t\t\t\t\t\t<\/div>\n\t\t\t\t<\/div>\n\t\t\t\t\t<\/div>\n\t\t<\/div>\n\t\t\t\t\t<\/div>\n\t\t<\/section>\n\t\t\t\t<section class=\"elementor-section elementor-top-section elementor-element elementor-element-07e01db elementor-section-boxed elementor-section-height-default elementor-section-height-default\" data-id=\"07e01db\" data-element_type=\"section\" data-e-type=\"section\">\n\t\t\t\t\t\t<div class=\"elementor-container elementor-column-gap-default\">\n\t\t\t\t\t<div class=\"elementor-column elementor-col-100 elementor-top-column elementor-element elementor-element-a0a8f1e\" data-id=\"a0a8f1e\" data-element_type=\"column\" data-e-type=\"column\">\n\t\t\t<div class=\"elementor-widget-wrap elementor-element-populated\">\n\t\t\t\t\t\t<div class=\"elementor-element elementor-element-71bea41 elementor-widget elementor-widget-spacer\" data-id=\"71bea41\" data-element_type=\"widget\" data-e-type=\"widget\" data-widget_type=\"spacer.default\">\n\t\t\t\t<div class=\"elementor-widget-container\">\n\t\t\t\t\t\t\t<div class=\"elementor-spacer\">\n\t\t\t<div class=\"elementor-spacer-inner\"><\/div>\n\t\t<\/div>\n\t\t\t\t\t\t<\/div>\n\t\t\t\t<\/div>\n\t\t\t\t\t<\/div>\n\t\t<\/div>\n\t\t\t\t\t<\/div>\n\t\t<\/section>\n\t\t\t\t<\/div>\n\t\t","protected":false},"excerpt":{"rendered":"<p>UNKNOWN PHOTOGRAPHERS at Funda\u00e7\u00e3o Portuguesa das Comunica\u00e7\u00f5es, Lisboa, 2018 (Detail) 2012-ongoing analogue photography Found photoalbum&#8217;s picture | C-Prints &amp; Silver Gelatin Prints | unique pieces Post-photographic project based on montages of analogue found photo album&#8217;s pictures and reflecting on the latent desire of every photograph to trascend the instant.<\/p>\n","protected":false},"author":1,"featured_media":0,"parent":0,"menu_order":0,"comment_status":"closed","ping_status":"closed","template":"","meta":{"footnotes":""},"class_list":["post-23","page","type-page","status-publish","hentry"],"translation":{"provider":"WPGlobus","version":"3.0.2","language":"es","enabled_languages":["en","es"],"languages":{"en":{"title":true,"content":true,"excerpt":false},"es":{"title":true,"content":false,"excerpt":false}}},"_links":{"self":[{"href":"https:\/\/andresgaleano.eu\/es\/wp-json\/wp\/v2\/pages\/23","targetHints":{"allow":["GET"]}}],"collection":[{"href":"https:\/\/andresgaleano.eu\/es\/wp-json\/wp\/v2\/pages"}],"about":[{"href":"https:\/\/andresgaleano.eu\/es\/wp-json\/wp\/v2\/types\/page"}],"author":[{"embeddable":true,"href":"https:\/\/andresgaleano.eu\/es\/wp-json\/wp\/v2\/users\/1"}],"replies":[{"embeddable":true,"href":"https:\/\/andresgaleano.eu\/es\/wp-json\/wp\/v2\/comments?post=23"}],"version-history":[{"count":55,"href":"https:\/\/andresgaleano.eu\/es\/wp-json\/wp\/v2\/pages\/23\/revisions"}],"predecessor-version":[{"id":1259,"href":"https:\/\/andresgaleano.eu\/es\/wp-json\/wp\/v2\/pages\/23\/revisions\/1259"}],"wp:attachment":[{"href":"https:\/\/andresgaleano.eu\/es\/wp-json\/wp\/v2\/media?parent=23"}],"curies":[{"name":"wp","href":"https:\/\/api.w.org\/{rel}","templated":true}]}}