{"id":39,"date":"2015-09-23T13:06:52","date_gmt":"2015-09-23T13:06:52","guid":{"rendered":"http:\/\/andresgaleano.eu\/?page_id=39"},"modified":"2018-11-22T14:45:31","modified_gmt":"2018-11-22T14:45:31","slug":"the-singing-of-the-birds","status":"publish","type":"page","link":"https:\/\/andresgaleano.eu\/es\/the-singing-of-the-birds\/","title":{"rendered":"el canto de los p\u00e1jaros"},"content":{"rendered":"\t\t<div data-elementor-type=\"wp-post\" data-elementor-id=\"39\" class=\"elementor elementor-39 elementor-bc-flex-widget\">\n\t\t\t\t\t\t<section class=\"elementor-section elementor-top-section elementor-element elementor-element-6f84a06 elementor-section-boxed elementor-section-height-default elementor-section-height-default\" data-id=\"6f84a06\" data-element_type=\"section\" data-e-type=\"section\">\n\t\t\t\t\t\t<div class=\"elementor-container elementor-column-gap-default\">\n\t\t\t\t\t<div class=\"elementor-column elementor-col-100 elementor-top-column elementor-element elementor-element-01dfa4b\" data-id=\"01dfa4b\" data-element_type=\"column\" data-e-type=\"column\">\n\t\t\t<div class=\"elementor-widget-wrap elementor-element-populated\">\n\t\t\t\t\t\t<div class=\"elementor-element elementor-element-3ed5581 elementor-widget elementor-widget-spacer\" data-id=\"3ed5581\" data-element_type=\"widget\" data-e-type=\"widget\" data-widget_type=\"spacer.default\">\n\t\t\t\t<div class=\"elementor-widget-container\">\n\t\t\t\t\t\t\t<div class=\"elementor-spacer\">\n\t\t\t<div class=\"elementor-spacer-inner\"><\/div>\n\t\t<\/div>\n\t\t\t\t\t\t<\/div>\n\t\t\t\t<\/div>\n\t\t\t\t<div class=\"elementor-element elementor-element-61fd287 elementor-widget elementor-widget-image\" data-id=\"61fd287\" data-element_type=\"widget\" data-e-type=\"widget\" data-widget_type=\"image.default\">\n\t\t\t\t<div class=\"elementor-widget-container\">\n\t\t\t\t\t\t\t\t\t\t\t\t<figure class=\"wp-caption\">\n\t\t\t\t\t\t\t\t\t\t<img fetchpriority=\"high\" decoding=\"async\" width=\"695\" height=\"434\" src=\"https:\/\/andresgaleano.eu\/wp-content\/uploads\/2015\/09\/page48_blog_entry2-andres-galeano-video-art-instalacio0301n-el-canto-de-los-pa0301jaros.jpg\" class=\"attachment-large size-large wp-image-273\" alt=\"\" srcset=\"https:\/\/andresgaleano.eu\/wp-content\/uploads\/2015\/09\/page48_blog_entry2-andres-galeano-video-art-instalacio0301n-el-canto-de-los-pa0301jaros.jpg 695w, https:\/\/andresgaleano.eu\/wp-content\/uploads\/2015\/09\/page48_blog_entry2-andres-galeano-video-art-instalacio0301n-el-canto-de-los-pa0301jaros-320x200.jpg 320w, https:\/\/andresgaleano.eu\/wp-content\/uploads\/2015\/09\/page48_blog_entry2-andres-galeano-video-art-instalacio0301n-el-canto-de-los-pa0301jaros-600x375.jpg 600w\" sizes=\"(max-width: 695px) 100vw, 695px\" \/>\t\t\t\t\t\t\t\t\t\t\t<figcaption class=\"widget-image-caption wp-caption-text\">EL CANTO DE LOS P\u00c1JAROS, Espai f, Matar\u00f3 (Barcelona), 2011<\/figcaption>\n\t\t\t\t\t\t\t\t\t\t<\/figure>\n\t\t\t\t\t\t\t\t\t<\/div>\n\t\t\t\t<\/div>\n\t\t\t\t\t<\/div>\n\t\t<\/div>\n\t\t\t\t\t<\/div>\n\t\t<\/section>\n\t\t\t\t<section class=\"elementor-section elementor-top-section elementor-element elementor-element-17854a6 elementor-section-boxed elementor-section-height-default elementor-section-height-default\" data-id=\"17854a6\" data-element_type=\"section\" data-e-type=\"section\">\n\t\t\t\t\t\t<div class=\"elementor-container elementor-column-gap-default\">\n\t\t\t\t\t<div class=\"elementor-column elementor-col-100 elementor-top-column elementor-element elementor-element-47592bf\" data-id=\"47592bf\" data-element_type=\"column\" data-e-type=\"column\">\n\t\t\t<div class=\"elementor-widget-wrap elementor-element-populated\">\n\t\t\t\t\t\t<div class=\"elementor-element elementor-element-7c77a62 elementor-widget elementor-widget-text-editor\" data-id=\"7c77a62\" data-element_type=\"widget\" data-e-type=\"widget\" data-widget_type=\"text-editor.default\">\n\t\t\t\t<div class=\"elementor-widget-container\">\n\t\t\t\t\t\t\t\t\t<p>\u00a0<\/p><p><strong>6 channel video installation, 2011<\/strong><\/p><p>These videos are based on onomatopoeic transcriptions written by the Federaci\u00f3n Ornitol\u00f3gica Cultural Silvestrista Espa\u00f1ola (Spanish Cultural Wildlife Ornithological Federation) which depict the singing standard of different caged birds. These onomatopoeic transcriptions are used in Spanish bird singing competitions to value the singing mastery of caged birds like the European Goldfinch, the\u00a0Citril Finch, the Harzer Roller canary, the Spanish Timbrado canary, the Malinois Waterlager canary, the Serin, the Linnet, etc. In these videos I read the phonetic code of the\u00a0singing of several domestic birds and through acceleration my voice becomes singing, a strange human-bird singing.<\/p><p>\u00a0<\/p><p><em><strong>El canto del canario Harzer Roller<\/strong><\/em>, 4:3, 1:52 min.(loop)<br \/>(The song of the Harzer Roller Canary)<br \/><strong><em>El canto del Ruise\u00f1or<\/em><\/strong>, 4:3, 2:52 min.(loop)<br \/>(The song of the Nightingale)<br \/><em><strong>El canto del Verdecillo<\/strong><\/em>, 4:3, 2:57 min.(loop)<br \/>(The song of the Serin)<br \/><em><strong>El canto del Pardillo<\/strong><\/em>, 4:3, 1:38 min.(loop)<br \/>(The song of the Linnet)<br \/><em><strong>El canto del canario Timbrado Espa\u00f1ol<\/strong><\/em>, 4:3, 3:03 min.(loop)<br \/>(The song of the Spanish Timbrado canary)<br \/><em><strong>El canto del canario Malinois Waterlager<\/strong><\/em>, 4:3 1:55 min. (loop)<br \/>(The song of the Malinois Waterlager canary)<\/p>\t\t\t\t\t\t\t\t<\/div>\n\t\t\t\t<\/div>\n\t\t\t\t<div class=\"elementor-element elementor-element-f8514c0 elementor-widget elementor-widget-spacer\" data-id=\"f8514c0\" data-element_type=\"widget\" data-e-type=\"widget\" data-widget_type=\"spacer.default\">\n\t\t\t\t<div class=\"elementor-widget-container\">\n\t\t\t\t\t\t\t<div class=\"elementor-spacer\">\n\t\t\t<div class=\"elementor-spacer-inner\"><\/div>\n\t\t<\/div>\n\t\t\t\t\t\t<\/div>\n\t\t\t\t<\/div>\n\t\t\t\t\t<\/div>\n\t\t<\/div>\n\t\t\t\t\t<\/div>\n\t\t<\/section>\n\t\t\t\t<section class=\"elementor-section elementor-top-section elementor-element elementor-element-b6524e4 elementor-section-boxed elementor-section-height-default elementor-section-height-default\" data-id=\"b6524e4\" data-element_type=\"section\" data-e-type=\"section\">\n\t\t\t\t\t\t<div class=\"elementor-container elementor-column-gap-default\">\n\t\t\t\t\t<div class=\"elementor-column elementor-col-100 elementor-top-column elementor-element elementor-element-d56b312\" data-id=\"d56b312\" data-element_type=\"column\" data-e-type=\"column\">\n\t\t\t<div class=\"elementor-widget-wrap elementor-element-populated\">\n\t\t\t\t\t\t<div class=\"elementor-element elementor-element-3fa27b8 elementor-widget elementor-widget-video\" data-id=\"3fa27b8\" data-element_type=\"widget\" data-e-type=\"widget\" data-settings=\"{&quot;video_type&quot;:&quot;vimeo&quot;}\" data-widget_type=\"video.default\">\n\t\t\t\t<div class=\"elementor-widget-container\">\n\t\t\t\t\t\t\t<div class=\"elementor-wrapper elementor-open-inline\">\n\t\t\t<iframe class=\"elementor-video-iframe\" allowfullscreen allow=\"clipboard-write\" title=\"vimeo Video Player\" src=\"https:\/\/player.vimeo.com\/video\/21749673?color&amp;autopause=0&amp;loop=0&amp;muted=0&amp;title=1&amp;portrait=1&amp;byline=1#t=\"><\/iframe>\t\t<\/div>\n\t\t\t\t\t\t<\/div>\n\t\t\t\t<\/div>\n\t\t\t\t\t<\/div>\n\t\t<\/div>\n\t\t\t\t\t<\/div>\n\t\t<\/section>\n\t\t\t\t<section class=\"elementor-section elementor-top-section elementor-element elementor-element-e2b2096 elementor-section-boxed elementor-section-height-default elementor-section-height-default\" data-id=\"e2b2096\" data-element_type=\"section\" data-e-type=\"section\">\n\t\t\t\t\t\t<div class=\"elementor-container elementor-column-gap-default\">\n\t\t\t\t\t<div class=\"elementor-column elementor-col-100 elementor-top-column elementor-element elementor-element-aec9b97\" data-id=\"aec9b97\" data-element_type=\"column\" data-e-type=\"column\">\n\t\t\t<div class=\"elementor-widget-wrap elementor-element-populated\">\n\t\t\t\t\t\t<div class=\"elementor-element elementor-element-3ab87ec elementor-widget elementor-widget-spacer\" data-id=\"3ab87ec\" data-element_type=\"widget\" data-e-type=\"widget\" data-widget_type=\"spacer.default\">\n\t\t\t\t<div class=\"elementor-widget-container\">\n\t\t\t\t\t\t\t<div class=\"elementor-spacer\">\n\t\t\t<div class=\"elementor-spacer-inner\"><\/div>\n\t\t<\/div>\n\t\t\t\t\t\t<\/div>\n\t\t\t\t<\/div>\n\t\t\t\t\t<\/div>\n\t\t<\/div>\n\t\t\t\t\t<\/div>\n\t\t<\/section>\n\t\t\t\t<\/div>\n\t\t","protected":false},"excerpt":{"rendered":"<p>EL CANTO DE LOS P\u00c1JAROS, Espai f, Matar\u00f3 (Barcelona), 2011 \u00a0 6 channel video installation, 2011 These videos are based on onomatopoeic transcriptions written by the Federaci\u00f3n Ornitol\u00f3gica Cultural Silvestrista Espa\u00f1ola (Spanish Cultural Wildlife Ornithological Federation) which depict the singing standard of different caged birds. These onomatopoeic transcriptions are used in Spanish bird singing competitions [&hellip;]<\/p>\n","protected":false},"author":1,"featured_media":0,"parent":0,"menu_order":0,"comment_status":"closed","ping_status":"closed","template":"parent.php","meta":{"footnotes":""},"class_list":["post-39","page","type-page","status-publish","hentry"],"translation":{"provider":"WPGlobus","version":"3.0.2","language":"es","enabled_languages":["en","es"],"languages":{"en":{"title":true,"content":true,"excerpt":false},"es":{"title":true,"content":false,"excerpt":false}}},"_links":{"self":[{"href":"https:\/\/andresgaleano.eu\/es\/wp-json\/wp\/v2\/pages\/39","targetHints":{"allow":["GET"]}}],"collection":[{"href":"https:\/\/andresgaleano.eu\/es\/wp-json\/wp\/v2\/pages"}],"about":[{"href":"https:\/\/andresgaleano.eu\/es\/wp-json\/wp\/v2\/types\/page"}],"author":[{"embeddable":true,"href":"https:\/\/andresgaleano.eu\/es\/wp-json\/wp\/v2\/users\/1"}],"replies":[{"embeddable":true,"href":"https:\/\/andresgaleano.eu\/es\/wp-json\/wp\/v2\/comments?post=39"}],"version-history":[{"count":17,"href":"https:\/\/andresgaleano.eu\/es\/wp-json\/wp\/v2\/pages\/39\/revisions"}],"predecessor-version":[{"id":1030,"href":"https:\/\/andresgaleano.eu\/es\/wp-json\/wp\/v2\/pages\/39\/revisions\/1030"}],"wp:attachment":[{"href":"https:\/\/andresgaleano.eu\/es\/wp-json\/wp\/v2\/media?parent=39"}],"curies":[{"name":"wp","href":"https:\/\/api.w.org\/{rel}","templated":true}]}}