{"id":492,"date":"2015-09-28T10:58:22","date_gmt":"2015-09-28T10:58:22","guid":{"rendered":"http:\/\/andresgaleano.eu\/?page_id=492"},"modified":"2025-08-21T20:43:23","modified_gmt":"2025-08-21T20:43:23","slug":"selected-press","status":"publish","type":"page","link":"https:\/\/andresgaleano.eu\/es\/selected-press\/","title":{"rendered":"selected press"},"content":{"rendered":"\t\t<div data-elementor-type=\"wp-post\" data-elementor-id=\"492\" class=\"elementor elementor-492\">\n\t\t\t\t\t\t<section class=\"elementor-section elementor-top-section elementor-element elementor-element-eb1581f elementor-section-boxed elementor-section-height-default elementor-section-height-default\" data-id=\"eb1581f\" data-element_type=\"section\" data-e-type=\"section\">\n\t\t\t\t\t\t<div class=\"elementor-container elementor-column-gap-default\">\n\t\t\t\t\t<div class=\"elementor-column elementor-col-100 elementor-top-column elementor-element elementor-element-207f698\" data-id=\"207f698\" data-element_type=\"column\" data-e-type=\"column\">\n\t\t\t<div class=\"elementor-widget-wrap elementor-element-populated\">\n\t\t\t\t\t\t<div class=\"elementor-element elementor-element-3e258d8 elementor-widget elementor-widget-spacer\" data-id=\"3e258d8\" data-element_type=\"widget\" data-e-type=\"widget\" data-widget_type=\"spacer.default\">\n\t\t\t\t<div class=\"elementor-widget-container\">\n\t\t\t\t\t\t\t<div class=\"elementor-spacer\">\n\t\t\t<div class=\"elementor-spacer-inner\"><\/div>\n\t\t<\/div>\n\t\t\t\t\t\t<\/div>\n\t\t\t\t<\/div>\n\t\t\t\t<div class=\"elementor-element elementor-element-fbee26a elementor-widget elementor-widget-image\" data-id=\"fbee26a\" data-element_type=\"widget\" data-e-type=\"widget\" data-widget_type=\"image.default\">\n\t\t\t\t<div class=\"elementor-widget-container\">\n\t\t\t\t\t\t\t\t\t\t\t\t\t\t\t<img fetchpriority=\"high\" decoding=\"async\" width=\"462\" height=\"600\" src=\"https:\/\/andresgaleano.eu\/wp-content\/uploads\/2015\/09\/TSP_KUNST_COVER_2015_web-462x600.jpg\" class=\"attachment-large size-large wp-image-285\" alt=\"\" srcset=\"https:\/\/andresgaleano.eu\/wp-content\/uploads\/2015\/09\/TSP_KUNST_COVER_2015_web-462x600.jpg 462w, https:\/\/andresgaleano.eu\/wp-content\/uploads\/2015\/09\/TSP_KUNST_COVER_2015_web-154x200.jpg 154w, https:\/\/andresgaleano.eu\/wp-content\/uploads\/2015\/09\/TSP_KUNST_COVER_2015_web-308x400.jpg 308w, https:\/\/andresgaleano.eu\/wp-content\/uploads\/2015\/09\/TSP_KUNST_COVER_2015_web.jpg 500w\" sizes=\"(max-width: 462px) 100vw, 462px\" \/>\t\t\t\t\t\t\t\t\t\t\t\t\t\t\t<\/div>\n\t\t\t\t<\/div>\n\t\t\t\t<div class=\"elementor-element elementor-element-7f07eae elementor-widget elementor-widget-spacer\" data-id=\"7f07eae\" data-element_type=\"widget\" data-e-type=\"widget\" data-widget_type=\"spacer.default\">\n\t\t\t\t<div class=\"elementor-widget-container\">\n\t\t\t\t\t\t\t<div class=\"elementor-spacer\">\n\t\t\t<div class=\"elementor-spacer-inner\"><\/div>\n\t\t<\/div>\n\t\t\t\t\t\t<\/div>\n\t\t\t\t<\/div>\n\t\t\t\t\t<\/div>\n\t\t<\/div>\n\t\t\t\t\t<\/div>\n\t\t<\/section>\n\t\t\t\t<section class=\"elementor-section elementor-top-section elementor-element elementor-element-9930b92 elementor-section-boxed elementor-section-height-default elementor-section-height-default\" data-id=\"9930b92\" data-element_type=\"section\" data-e-type=\"section\">\n\t\t\t\t\t\t<div class=\"elementor-container elementor-column-gap-default\">\n\t\t\t\t\t<div class=\"elementor-column elementor-col-100 elementor-top-column elementor-element elementor-element-259d1d3\" data-id=\"259d1d3\" data-element_type=\"column\" data-e-type=\"column\">\n\t\t\t<div class=\"elementor-widget-wrap elementor-element-populated\">\n\t\t\t\t\t\t<div class=\"elementor-element elementor-element-08d25b2 elementor-widget elementor-widget-text-editor\" data-id=\"08d25b2\" data-element_type=\"widget\" data-e-type=\"widget\" data-widget_type=\"text-editor.default\">\n\t\t\t\t<div class=\"elementor-widget-container\">\n\t\t\t\t\t\t\t\t\t<div data-reactid=\".1p.1:$mid=11443124529693=25860e3ef6461ddb896.2:0.0.0.0\"><h2 data-reactid=\".1p.1:$mid=11443124529693=25860e3ef6461ddb896.2:0.0.0.0\"><strong>2025<\/strong><\/h2><div data-reactid=\".1p.1:$mid=11443124529693=25860e3ef6461ddb896.2:0.0.0.0\"><a href=\"https:\/\/www.domradio.de\/video\/weltraumausstellung-im-dreikoenigensaal-des-koelner-doms\" target=\"_blank\" rel=\"noopener\">WELTRAUMAUSSTELLUNG IM DREI K\u00d6NIGENSAAL DES K\u00d6LNER DOMS<\/a>, Domradio, 21.05.2025<\/div><div data-reactid=\".1p.1:$mid=11443124529693=25860e3ef6461ddb896.2:0.0.0.0\">\u00a0<\/div><div data-reactid=\".1p.1:$mid=11443124529693=25860e3ef6461ddb896.2:0.0.0.0\"><p><a href=\"https:\/\/www.ksta.de\/kultur-medien\/koelner-photoszene-festival-vergessen-im-archiv-wie-der-koelner-dom-es-einst-bis-ins-all-schaffte-1025022\" target=\"_blank\" rel=\"noopener\">VERGESSEN IM ARCHIV: WIE DER K\u00d6LNER DOM ES EINST BIS INS ALL SCHAFFTE <\/a>by Annika Kern, K\u00f6lner Stadt Anzeiger, 17.05.2025<\/p><\/div><\/div><div data-reactid=\".1p.1:$mid=11443124529693=25860e3ef6461ddb896.2:0.0.0.0\"><a href=\"https:\/\/www.kulturwest.de\/inhalt\/mission-domstein\/\" target=\"_blank\" rel=\"noopener\">MISSION DOMSTEIN<\/a> by Vera Lisakowski, Kultur.west, 22.4.2025<\/div><div data-reactid=\".1p.1:$mid=11443124529693=25860e3ef6461ddb896.2:0.0.0.0\">\u00a0<\/div><div data-reactid=\".1p.1:$mid=11443124529693=25860e3ef6461ddb896.2:0.0.0.0\"><div data-reactid=\".1p.1:$mid=11443124529693=25860e3ef6461ddb896.2:0.0.0.0\"><a href=\"https:\/\/www.photoszene.de\/en\/artist-programme\/artist-meets-archive-4\/ama-meets-uni-koln\/andres-galeano\/\" target=\"_blank\" rel=\"noopener\">ANDR\u00c9S GALEANO MEETS UNIVERSITY OF COLOGNE,<\/a> interview by Maxi Gaiser and Emily Hagedorn<\/div><div data-reactid=\".1p.1:$mid=11443124529693=25860e3ef6461ddb896.2:0.0.0.0\">\u00a0<\/div><div data-reactid=\".1p.1:$mid=11443124529693=25860e3ef6461ddb896.2:0.0.0.0\"><h2 data-reactid=\".1p.1:$mid=11443124529693=25860e3ef6461ddb896.2:0.0.0.0\"><strong>2023<\/strong><\/h2><div data-reactid=\".1p.1:$mid=11443124529693=25860e3ef6461ddb896.2:0.0.0.0\"><a href=\"https:\/\/www.thenewbarcelonapost.com\/en-el-sonar-tambien-se-hacen-negocios\/\" target=\"_blank\" rel=\"noopener\">EN EL S\u00d3NAR TAMBI\u00c9N SE HACEN NEGOCIOS<\/a> by Cristina Mart\u00edn Valbuena, The New Barcelona Post, 17. 06. 2023<\/div><\/div><\/div><div data-reactid=\".1p.1:$mid=11443124529693=25860e3ef6461ddb896.2:0.0.0.0\">\u00a0<\/div><div data-reactid=\".1p.1:$mid=11443124529693=25860e3ef6461ddb896.2:0.0.0.0\"><a href=\"https:\/\/tempsarts.cat\/musica\/la-intelligencia-artificial-protagonitza-el-30e-aniversari-del-sonar\/\" target=\"_blank\" rel=\"noopener\">LA INTEL.LIG\u00c8NCIA ARTIFICIAL PROTAGONITZA EL 30\u00e8 ANIVERSARI DEL S\u00d3NAR<\/a> by Roberta Bosco, El Temps de les Arts, Barcelona, 16. 06. 2023<\/div><div data-reactid=\".1p.1:$mid=11443124529693=25860e3ef6461ddb896.2:0.0.0.0\">\u00a0<\/div><div data-reactid=\".1p.1:$mid=11443124529693=25860e3ef6461ddb896.2:0.0.0.0\"><div data-reactid=\".1p.1:$mid=11443124529693=25860e3ef6461ddb896.2:0.0.0.0\"><div data-reactid=\".1p.1:$mid=11443124529693=25860e3ef6461ddb896.2:0.0.0.0\"><a href=\"https:\/\/www.litoralpress.cl\/paginaconsultas\/Servicios_NClipSitio\/Get_Imagen_Pagina.aspx?LPKey=223NUUFJUVHXE6RY37NMTWTYJENW553MVQQO4NZV2TITK4ESDJKA\" target=\"_blank\" rel=\"noopener\">INNOVACIONES TECNOL\u00d3GICAS Y CIENT\u00cdFICAS SER\u00c1N LAS NUEVAS PROTAGONISTAS DEL FESTIVAL DE M\u00daSICA S\u00d3NAR <\/a>by Constanza Menares, El Mercurio, Santiago de Chile, 15.05. 2023<\/div><div data-reactid=\".1p.1:$mid=11443124529693=25860e3ef6461ddb896.2:0.0.0.0\">\u00a0<\/div><\/div><div data-reactid=\".1p.1:$mid=11443124529693=25860e3ef6461ddb896.2:0.0.0.0\">\u00a0<\/div><div data-reactid=\".1p.1:$mid=11443124529693=25860e3ef6461ddb896.2:0.0.0.0\"><h2 data-reactid=\".1p.1:$mid=11443124529693=25860e3ef6461ddb896.2:0.0.0.0\"><strong>2022<\/strong><\/h2><div data-reactid=\".1p.1:$mid=11443124529693=25860e3ef6461ddb896.2:0.0.0.0\"><a href=\"https:\/\/echogonewrong.com\/photo-reportage-from-the-exhibition-lost-clouds-archive-by-andres-galeano-at-the-kogo-gallery-and-ag47-gallery\/?fbclid=IwAR0qFIaCptTQzPeZxVJjHzPLXrtpIfx0v5OWyyamVHZs9sVKdqA4NArFeCQ\" target=\"_blank\" rel=\"noopener\">LOST CLOUDS ARCHIVE<\/a>\u00a0 by echo gone wrong, Estonia, 16.03.2022<\/div><\/div><div data-reactid=\".1p.1:$mid=11443124529693=25860e3ef6461ddb896.2:0.0.0.0\"><div data-reactid=\".1p.1:$mid=11443124529693=25860e3ef6461ddb896.2:0.0.0.0\">\u00a0<\/div><div data-reactid=\".1p.1:$mid=11443124529693=25860e3ef6461ddb896.2:0.0.0.0\">LOST CLOUDS ARCHIVE \/ <a href=\"https:\/\/kultuur.err.ee\/1608493343\/tartus-saab-naha-andres-galeano-isikunaitust-kadunud-pilvede-arhiiv\" target=\"_blank\" rel=\"noopener\">KADUNUD PILVEDE ARHIIV<\/a> by RRR, Estonia, 8. 02.2022<\/div><div data-reactid=\".1p.1:$mid=11443124529693=25860e3ef6461ddb896.2:0.0.0.0\">\u00a0<\/div><\/div><\/div><div data-reactid=\".1p.1:$mid=11443124529693=25860e3ef6461ddb896.2:0.0.0.0\"><div data-reactid=\".1p.1:$mid=11443124529693=25860e3ef6461ddb896.2:0.0.0.0\">\u00a0<\/div><h2 data-reactid=\".1p.1:$mid=11443124529693=25860e3ef6461ddb896.2:0.0.0.0\"><strong>2021<\/strong><\/h2><div data-reactid=\".1p.1:$mid=11443124529693=25860e3ef6461ddb896.2:0.0.0.0\"><a href=\"https:\/\/umbigomagazine.com\/pt\/blog\/2021\/09\/10\/um-arquivo-de-nuvens-encontrado-andres-galeano-no-mataro-art-contemporani-e-na-galeria-rocio-santa-cruz\/\" target=\"_blank\" rel=\"noopener\">UM ARQUIVO DE NUVENS ENCONTRADO<\/a>\u00a0 \/<a href=\"https:\/\/umbigomagazine.com\/en\/blog\/2021\/09\/10\/um-arquivo-de-nuvens-encontrado-andres-galeano-no-mataro-art-contemporani-e-na-galeria-rocio-santa-cruz\/\" target=\"_blank\" rel=\"noopener\"> FOUND ARCHIVE OF CLOUDS<\/a> by Zaida Trallero, Umbigo Magazine, Lisboa, 10. 09. 2021<\/div><\/div><div data-reactid=\".1p.1:$mid=11443124529693=25860e3ef6461ddb896.2:0.0.0.0\">\u00a0<\/div><div data-reactid=\".1p.1:$mid=11443124529693=25860e3ef6461ddb896.2:0.0.0.0\"><div data-reactid=\".1p.1:$mid=11443124529693=25860e3ef6461ddb896.2:0.0.0.0\"><a href=\"https:\/\/tempsarts.cat\/arts-visuals\/andres-galeano-un-fotograf-sense-camera\/\" target=\"_blank\" rel=\"noopener\">ANDR\u00c9S GALEANO, UN FOT\u00d2GRAF SENSE C\u00c0MERA<\/a> by Conxita Oliver, El Temps de les Arts, Barcelona, 16.07.2021<\/div><div data-reactid=\".1p.1:$mid=11443124529693=25860e3ef6461ddb896.2:0.0.0.0\">\u00a0<\/div><div data-reactid=\".1p.1:$mid=11443124529693=25860e3ef6461ddb896.2:0.0.0.0\">\u00a0<\/div><h2 data-reactid=\".1p.1:$mid=11443124529693=25860e3ef6461ddb896.2:0.0.0.0\"><strong>2020<\/strong><\/h2><div data-reactid=\".1p.1:$mid=11443124529693=25860e3ef6461ddb896.2:0.0.0.0\"><a href=\"https:\/\/www.neo2.com\/andres-galeano-atlas-de-nubes\/\" target=\"_blank\" rel=\"noopener\">ATLAS DE NUBES. ENTREVISTA A ANDR\u00c9S GALEANO<\/a> by Mar\u00eda Mu\u00f1oz, Revista Neo2, 22.11.2020<\/div><div data-reactid=\".1p.1:$mid=11443124529693=25860e3ef6461ddb896.2:0.0.0.0\">\u00a0<\/div><\/div><div data-reactid=\".1p.1:$mid=11443124529693=25860e3ef6461ddb896.2:0.0.0.0\">\u00a0<\/div><h2 data-reactid=\".1p.1:$mid=11443124529693=25860e3ef6461ddb896.2:0.0.0.0\"><strong>2019<\/strong><\/h2><div data-reactid=\".1p.1:$mid=11443124529693=25860e3ef6461ddb896.2:0.0.0.0\"><a href=\"https:\/\/retina.elpais.com\/retina\/2019\/08\/30\/innovacion\/1567168806_981247.html\" target=\"_blank\" rel=\"noopener\">REFLEXIONAR SOBRE LA IMAGEN<\/a> by Guillermo Arenas, El Pais Retina, 5.9.2019<\/div><div data-reactid=\".1p.1:$mid=11443124529693=25860e3ef6461ddb896.2:0.0.0.0\">\u00a0<\/div><div data-reactid=\".1p.1:$mid=11443124529693=25860e3ef6461ddb896.2:0.0.0.0\"><a href=\"https:\/\/www.diariodenavarra.es\/noticias\/cultura-ocio\/cultura\/2019\/09\/06\/andres-galeano-las-fotografias-que-miran-para-adentro-663554-1034.html\" target=\"_blank\" rel=\"noopener\">ANDR\u00c9S GALEANO Y LAS FOTOGRAF\u00cdAS QUE MIRAN PARA ADENTRO <\/a>by Ion Stegmeier, Diario de Navarra, 6.9.2019<\/div><div data-reactid=\".1p.1:$mid=11443124529693=25860e3ef6461ddb896.2:0.0.0.0\">\u00a0<\/div><div data-reactid=\".1p.1:$mid=11443124529693=25860e3ef6461ddb896.2:0.0.0.0\"><a href=\"https:\/\/www.noticiasdenavarra.com\/2019\/09\/08\/ocio-y-cultura\/cultura\/una-vez-no-cuenta\" target=\"_blank\" rel=\"noopener\">UNA VEZ NO CUENTA<\/a> by Amaia Rodriguez Oroz ,\u00a0 Noticias de Navarra, 8.9.2019<\/div><div data-reactid=\".1p.1:$mid=11443124529693=25860e3ef6461ddb896.2:0.0.0.0\">\u00a0<\/div><div data-reactid=\".1p.1:$mid=11443124529693=25860e3ef6461ddb896.2:0.0.0.0\">\u00a0<\/div><h2 data-reactid=\".1p.1:$mid=11443124529693=25860e3ef6461ddb896.2:0.0.0.0\"><strong>2018<\/strong><\/h2><div data-reactid=\".1p.1:$mid=11443124529693=25860e3ef6461ddb896.2:0.0.0.0\"><a href=\"https:\/\/www.artecapital.net\/snapshot-47-andres-galeano\" target=\"_blank\" rel=\"noopener\">INTERVIEW<\/a> with Liz Vahia for Arte Capital, Lisboa (POR)<\/div><div data-reactid=\".1p.1:$mid=11443124529693=25860e3ef6461ddb896.2:0.0.0.0\">\u00a0<\/div><div data-reactid=\".1p.1:$mid=11443124529693=25860e3ef6461ddb896.2:0.0.0.0\">\u00a0<\/div><h2 class=\"_d97\" data-reactid=\".1p.1:$mid=11443124529693=25860e3ef6461ddb896.2:0.0.0.0\"><strong>2017<\/strong><\/h2><div data-reactid=\".1p.1:$mid=11443124529693=25860e3ef6461ddb896.2:0.0.0.0\"><div data-reactid=\".1p.1:$mid=11443124529693=25860e3ef6461ddb896.2:0.0.0.0\"><a href=\"http:\/\/andresgaleano.eu\/publications\/Texto Jesus Mico para Un cierto panorama_Reciente Fotografia Autor Espan\u0303a Galeano_Andres.pdf\" target=\"_blank\" rel=\"noopener\" data-wplink-url-error=\"true\">UN CIERTO PANORAMA -Reciente fotograf\u00eda de autor en Espa\u00f1a<\/a> by Jes\u00fas Mic\u00f3<\/div><div data-reactid=\".1p.1:$mid=11443124529693=25860e3ef6461ddb896.2:0.0.0.0\">\u00a0<\/div><div data-reactid=\".1p.1:$mid=11443124529693=25860e3ef6461ddb896.2:0.0.0.0\">\u00a0<\/div><h2 class=\"_d97\" data-reactid=\".1p.1:$mid=11443124529693=25860e3ef6461ddb896.2:0.0.0.0\"><strong>2015<\/strong><\/h2><div class=\"_d97\" data-reactid=\".1p.1:$mid=11443124529693=25860e3ef6461ddb896.2:0.0.0.0\"><a href=\"http:\/\/andresgaleano.eu\/publications\/tagespiegel by kito nedo_andres galeano.pdf\" target=\"_blank\" rel=\"noopener\">POESIE ZWEITER ORDNUNG <\/a>by <strong>Kito Nedo<\/strong>, Tagesspiegel Kunst Berlin, September 2015<\/div><div data-reactid=\".1p.1:$mid=11443124529693=25860e3ef6461ddb896.2:0.0.0.0\">\u00a0<\/div><div class=\"_d97\" data-reactid=\".1p.1:$mid=11443124529693=25860e3ef6461ddb896.2:0.0.0.0\"><a href=\"http:\/\/andresgaleano.eu\/publications\/4-42015_La Vanguardia_Godgle by Mery Cuesta.pdf\" target=\"_blank\" rel=\"noopener\" data-wplink-url-error=\"true\">GODGLE<\/a> by <strong>Mery Cuesta<\/strong>, 4. 4. 2015, La Vanguardia, Barcelona (ESP)<\/div><div data-reactid=\".1p.1:$mid=11443124529693=25860e3ef6461ddb896.2:0.0.0.0\">\u00a0<\/div><\/div><div data-reactid=\".1p.1:$mid=11443124529693=25860e3ef6461ddb896.2:0.0.0.0\">\u00a0<\/div><h2 class=\"_d97\" data-reactid=\".1p.1:$mid=11443124529693=25860e3ef6461ddb896.2:0.0.0.0\"><strong>2014<\/strong><\/h2><div data-reactid=\".1p.1:$mid=11443124529693=25860e3ef6461ddb896.2:0.0.0.0\"><div class=\"_d97\" data-reactid=\".1p.1:$mid=11443124529693=25860e3ef6461ddb896.2:0.0.0.0\"><a href=\"http:\/\/andresgaleano.eu\/publications\/EIKON Ausgabe 87_2014_Galeano(1).pdf\" target=\"_blank\" rel=\"noopener\" data-wplink-url-error=\"true\">LIFE AFTER DEATH: ANDR\u00c9S GALEANO\u2019S UNKNOWN PHOTOGRAPHERS<\/a> by <strong>Robert Ayers<\/strong>, Eikon #87, Vienna<\/div><div data-reactid=\".1p.1:$mid=11443124529693=25860e3ef6461ddb896.2:0.0.0.0\">\u00a0<\/div><div class=\"_d97\" data-reactid=\".1p.1:$mid=11443124529693=25860e3ef6461ddb896.2:0.0.0.0\"><a href=\"http:\/\/andresgaleano.eu\/publications\/2014_Performing with Objects_interview with Andres Galeano.pdf\" target=\"_blank\" rel=\"noopener\" data-wplink-url-error=\"true\">PERFORMING WITH OBJECTS <\/a>Andr\u00e9s Galeano in conversation with <strong>Joanna Matuszak<\/strong>, PAJ 108 (2014), pp. 102\u2013111<\/div><div class=\"_d97\" data-reactid=\".1p.1:$mid=11443124529693=25860e3ef6461ddb896.2:0.0.0.0\">\u00a0<\/div><div class=\"_d97\" data-reactid=\".1p.1:$mid=11443124529693=25860e3ef6461ddb896.2:0.0.0.0\"><a href=\"http:\/\/andresgaleano.eu\/publications\/Andres Galeano el coleccionista de cielos Berlin Amateurs.pdf\" target=\"_blank\" rel=\"noopener\" data-wplink-url-error=\"true\">ANDR\u00c9S GALEANO, EL COLECCIONISTA DE CIELOS <\/a>by <strong>D\u00e1cil Granados<\/strong>, Berlin Amateurs, 13. 6. 2014<\/div><div class=\"_d97\" data-reactid=\".1p.1:$mid=11443124529693=25860e3ef6461ddb896.2:0.0.0.0\">\u00a0<\/div><div class=\"_d97\" data-reactid=\".1p.1:$mid=11443124529693=25860e3ef6461ddb896.2:0.0.0.0\"><div class=\"_d97\" data-reactid=\".1p.1:$mid=11443124529693=25860e3ef6461ddb896.2:0.0.0.0\"><div class=\"_d97\" data-reactid=\".1p.1:$mid=11443124529693=25860e3ef6461ddb896.2:0.0.0.0\"><a href=\"http:\/\/andresgaleano.eu\/publications\/exberliner_interview Andres Galeano.pdf\" target=\"_blank\" rel=\"noopener\" data-wplink-url-error=\"true\"> INTERVIEW WITH ANDR\u00c9S GALEANO<\/a>, <strong>ExBerliner<\/strong> Magazine, Berlin, Mai 2014<\/div><div class=\"_d97\" data-reactid=\".1p.1:$mid=11443124529693=25860e3ef6461ddb896.2:0.0.0.0\">\u00a0<\/div><div class=\"_d97\" data-reactid=\".1p.1:$mid=11443124529693=25860e3ef6461ddb896.2:0.0.0.0\"><div class=\"_d97\" data-reactid=\".1p.1:$mid=11443124529693=25860e3ef6461ddb896.2:0.0.0.0\"><a href=\"http:\/\/andresgaleano.eu\/publications\/desde la retaguardia_artishock_andres galeano.pdf\" target=\"_blank\" rel=\"noopener\" data-wplink-url-error=\"true\"> ANDR\u00c9S GALEANO, EN LA RETAGUARDIA<\/a> by<strong> J. J. Santos<\/strong>, Artischock, Santiago de Chile, 31. 3. 2014<\/div><div data-reactid=\".1p.1:$mid=11443124529693=25860e3ef6461ddb896.2:0.0.0.0\">\u00a0<\/div><\/div><\/div><\/div><\/div><div class=\"_d97\" data-reactid=\".1p.1:$mid=11443124529693=25860e3ef6461ddb896.2:0.0.0.0\">\u00a0<\/div><h2 class=\"_d97\" data-reactid=\".1p.1:$mid=11443124529693=25860e3ef6461ddb896.2:0.0.0.0\"><strong>2012<\/strong><\/h2><div data-reactid=\".1p.1:$mid=11443124529693=25860e3ef6461ddb896.2:0.0.0.0\"><div class=\"_d97\" data-reactid=\".1p.1:$mid=11443124529693=25860e3ef6461ddb896.2:0.0.0.0\"><a href=\"http:\/\/andresgaleano.eu\/publications\/About Indexical by Andres Galeano.pdf\" target=\"_blank\" rel=\"noopener\" data-wplink-url-error=\"true\">INDEXICAL<\/a> by Andr\u00e9s Galeano, Revista Ef\u00edmera 3,\u00a0 2012, Madrid<\/div><div class=\"_d97\" data-reactid=\".1p.1:$mid=11443124529693=25860e3ef6461ddb896.2:0.0.0.0\">\u00a0<\/div><div class=\"_d97\" data-reactid=\".1p.1:$mid=11443124529693=25860e3ef6461ddb896.2:0.0.0.0\"><a href=\"http:\/\/andresgaleano.eu\/publications\/We are not a Museum_Extension Series_andre\u0301s Galeano.pdf\" target=\"_blank\" rel=\"noopener\" data-wplink-url-error=\"true\">EXTENSION SERIES<\/a> 2012 &#8211; 2010 curated by Andr\u00e9s Galeano, We are not a museum, Grimmuseum, Berlin, 2013<\/div><div class=\"_d97\" data-reactid=\".1p.1:$mid=11443124529693=25860e3ef6461ddb896.2:0.0.0.0\">\u00a0<\/div><div class=\"_d97\" data-reactid=\".1p.1:$mid=11443124529693=25860e3ef6461ddb896.2:0.0.0.0\"><a href=\"http:\/\/andresgaleano.eu\/publications\/Andres Galeano at Kunstraum Bethanien.pdf\" target=\"_blank\" rel=\"noopener\" data-wplink-url-error=\"true\">ANDR\u00c9S GALEANO: OFF THE GROUND, LIGHTLY<\/a>, review by <strong>Ioana Muntenescu<\/strong>, Berlin, Mai 2012<\/div><div class=\"_d97\" data-reactid=\".1p.1:$mid=11443124529693=25860e3ef6461ddb896.2:0.0.0.0\">\u00a0<\/div><div class=\"_d97\" data-reactid=\".1p.1:$mid=11443124529693=25860e3ef6461ddb896.2:0.0.0.0\"><a href=\"http:\/\/andresgaleano.eu\/publications\/Andres Galeano_Indexical_Review_Johannes Schroder.pdf\" target=\"_blank\" rel=\"noopener\" data-wplink-url-error=\"true\">PHOTOGRAPHED, PRINTED, FOUND, PERFORMED + PHOTOGRAPHED<\/a> by <strong>Johannes L. Schr\u00f6der<\/strong><\/div><div class=\"_d97\" data-reactid=\".1p.1:$mid=11443124529693=25860e3ef6461ddb896.2:0.0.0.0\">\u00a0<\/div><div class=\"_d97\" data-reactid=\".1p.1:$mid=11443124529693=25860e3ef6461ddb896.2:0.0.0.0\"><a href=\"http:\/\/andresgaleano.eu\/publications\/catalog__Andres_Galeano 2011.pdf\" target=\"_blank\" rel=\"noopener\">ANDR\u00c9S GALEANO CATALOGUE<\/a>, Mart Stam Preis, Berlin, 2012<\/div><div class=\"_d97\" data-reactid=\".1p.1:$mid=11443124529693=25860e3ef6461ddb896.2:0.0.0.0\">\u00a0<\/div><div class=\"_d97\" data-reactid=\".1p.1:$mid=11443124529693=25860e3ef6461ddb896.2:0.0.0.0\"><a href=\"http:\/\/andresgaleano.eu\/publications\/kornelia-von-berswordt-wallrabe_andres galeano.pdf\" target=\"_blank\" rel=\"noopener\">PRESUME<\/a>, exhibition curated by <strong>Kornelia von Berswordt Wallrabe<\/strong>, , Berlin, 2012<\/div><\/div>\t\t\t\t\t\t\t\t<\/div>\n\t\t\t\t<\/div>\n\t\t\t\t<div class=\"elementor-element elementor-element-a814ee7 elementor-widget elementor-widget-spacer\" data-id=\"a814ee7\" data-element_type=\"widget\" data-e-type=\"widget\" data-widget_type=\"spacer.default\">\n\t\t\t\t<div class=\"elementor-widget-container\">\n\t\t\t\t\t\t\t<div class=\"elementor-spacer\">\n\t\t\t<div class=\"elementor-spacer-inner\"><\/div>\n\t\t<\/div>\n\t\t\t\t\t\t<\/div>\n\t\t\t\t<\/div>\n\t\t\t\t\t<\/div>\n\t\t<\/div>\n\t\t\t\t\t<\/div>\n\t\t<\/section>\n\t\t\t\t<section class=\"elementor-section elementor-top-section elementor-element elementor-element-82ad856 elementor-section-boxed elementor-section-height-default elementor-section-height-default\" data-id=\"82ad856\" data-element_type=\"section\" data-e-type=\"section\">\n\t\t\t\t\t\t<div class=\"elementor-container elementor-column-gap-default\">\n\t\t\t\t\t<div class=\"elementor-column elementor-col-100 elementor-top-column elementor-element elementor-element-68a65ba\" data-id=\"68a65ba\" data-element_type=\"column\" data-e-type=\"column\">\n\t\t\t<div class=\"elementor-widget-wrap elementor-element-populated\">\n\t\t\t\t\t\t<div class=\"elementor-element elementor-element-7dab995 elementor-widget elementor-widget-image\" data-id=\"7dab995\" data-element_type=\"widget\" data-e-type=\"widget\" data-widget_type=\"image.default\">\n\t\t\t\t<div class=\"elementor-widget-container\">\n\t\t\t\t\t\t\t\t\t\t\t\t\t\t\t<img decoding=\"async\" width=\"800\" height=\"600\" src=\"https:\/\/andresgaleano.eu\/wp-content\/uploads\/2015\/09\/Eikon_AndresGaleano-800x600.jpg\" class=\"attachment-large size-large wp-image-284\" alt=\"\" srcset=\"https:\/\/andresgaleano.eu\/wp-content\/uploads\/2015\/09\/Eikon_AndresGaleano-800x600.jpg 800w, https:\/\/andresgaleano.eu\/wp-content\/uploads\/2015\/09\/Eikon_AndresGaleano-267x200.jpg 267w, https:\/\/andresgaleano.eu\/wp-content\/uploads\/2015\/09\/Eikon_AndresGaleano-533x400.jpg 533w, https:\/\/andresgaleano.eu\/wp-content\/uploads\/2015\/09\/Eikon_AndresGaleano-768x576.jpg 768w, https:\/\/andresgaleano.eu\/wp-content\/uploads\/2015\/09\/Eikon_AndresGaleano.jpg 960w\" sizes=\"(max-width: 800px) 100vw, 800px\" \/>\t\t\t\t\t\t\t\t\t\t\t\t\t\t\t<\/div>\n\t\t\t\t<\/div>\n\t\t\t\t\t<\/div>\n\t\t<\/div>\n\t\t\t\t\t<\/div>\n\t\t<\/section>\n\t\t\t\t<section class=\"elementor-section elementor-top-section elementor-element elementor-element-8972ae9 elementor-section-boxed elementor-section-height-default elementor-section-height-default\" data-id=\"8972ae9\" data-element_type=\"section\" data-e-type=\"section\">\n\t\t\t\t\t\t<div class=\"elementor-container elementor-column-gap-default\">\n\t\t\t\t\t<div class=\"elementor-column elementor-col-100 elementor-top-column elementor-element elementor-element-ba1f122\" data-id=\"ba1f122\" data-element_type=\"column\" data-e-type=\"column\">\n\t\t\t<div class=\"elementor-widget-wrap elementor-element-populated\">\n\t\t\t\t\t\t<div class=\"elementor-element elementor-element-ddb6c85 elementor-widget elementor-widget-spacer\" data-id=\"ddb6c85\" data-element_type=\"widget\" data-e-type=\"widget\" data-widget_type=\"spacer.default\">\n\t\t\t\t<div class=\"elementor-widget-container\">\n\t\t\t\t\t\t\t<div class=\"elementor-spacer\">\n\t\t\t<div class=\"elementor-spacer-inner\"><\/div>\n\t\t<\/div>\n\t\t\t\t\t\t<\/div>\n\t\t\t\t<\/div>\n\t\t\t\t\t<\/div>\n\t\t<\/div>\n\t\t\t\t\t<\/div>\n\t\t<\/section>\n\t\t\t\t<\/div>\n\t\t","protected":false},"excerpt":{"rendered":"<p>2025 WELTRAUMAUSSTELLUNG IM DREI K\u00d6NIGENSAAL DES K\u00d6LNER DOMS, Domradio, 21.05.2025\u00a0 VERGESSEN IM ARCHIV: WIE DER K\u00d6LNER DOM ES EINST BIS INS ALL SCHAFFTE by Annika Kern, K\u00f6lner Stadt Anzeiger, 17.05.2025 MISSION DOMSTEIN by Vera Lisakowski, Kultur.west, 22.4.2025\u00a0ANDR\u00c9S GALEANO MEETS UNIVERSITY OF COLOGNE, interview by Maxi Gaiser and Emily Hagedorn\u00a0 2023 EN EL S\u00d3NAR TAMBI\u00c9N SE [&hellip;]<\/p>\n","protected":false},"author":1,"featured_media":0,"parent":0,"menu_order":0,"comment_status":"closed","ping_status":"closed","template":"parent.php","meta":{"footnotes":""},"class_list":["post-492","page","type-page","status-publish","hentry"],"translation":{"provider":"WPGlobus","version":"3.0.2","language":"es","enabled_languages":["en","es"],"languages":{"en":{"title":true,"content":true,"excerpt":false},"es":{"title":false,"content":false,"excerpt":false}}},"_links":{"self":[{"href":"https:\/\/andresgaleano.eu\/es\/wp-json\/wp\/v2\/pages\/492","targetHints":{"allow":["GET"]}}],"collection":[{"href":"https:\/\/andresgaleano.eu\/es\/wp-json\/wp\/v2\/pages"}],"about":[{"href":"https:\/\/andresgaleano.eu\/es\/wp-json\/wp\/v2\/types\/page"}],"author":[{"embeddable":true,"href":"https:\/\/andresgaleano.eu\/es\/wp-json\/wp\/v2\/users\/1"}],"replies":[{"embeddable":true,"href":"https:\/\/andresgaleano.eu\/es\/wp-json\/wp\/v2\/comments?post=492"}],"version-history":[{"count":53,"href":"https:\/\/andresgaleano.eu\/es\/wp-json\/wp\/v2\/pages\/492\/revisions"}],"predecessor-version":[{"id":2249,"href":"https:\/\/andresgaleano.eu\/es\/wp-json\/wp\/v2\/pages\/492\/revisions\/2249"}],"wp:attachment":[{"href":"https:\/\/andresgaleano.eu\/es\/wp-json\/wp\/v2\/media?parent=492"}],"curies":[{"name":"wp","href":"https:\/\/api.w.org\/{rel}","templated":true}]}}