{"id":896,"date":"2018-11-21T15:55:43","date_gmt":"2018-11-21T15:55:43","guid":{"rendered":"http:\/\/andresgaleano.eu\/?page_id=896"},"modified":"2025-08-21T20:16:13","modified_gmt":"2025-08-21T20:16:13","slug":"books","status":"publish","type":"page","link":"https:\/\/andresgaleano.eu\/es\/books\/","title":{"rendered":"books"},"content":{"rendered":"\t\t<div data-elementor-type=\"wp-post\" data-elementor-id=\"896\" class=\"elementor elementor-896\">\n\t\t\t\t\t\t<section class=\"elementor-section elementor-top-section elementor-element elementor-element-b581b8e elementor-section-boxed elementor-section-height-default elementor-section-height-default\" data-id=\"b581b8e\" data-element_type=\"section\" data-e-type=\"section\">\n\t\t\t\t\t\t<div class=\"elementor-container elementor-column-gap-default\">\n\t\t\t\t\t<div class=\"elementor-column elementor-col-100 elementor-top-column elementor-element elementor-element-d35b398\" data-id=\"d35b398\" data-element_type=\"column\" data-e-type=\"column\">\n\t\t\t<div class=\"elementor-widget-wrap elementor-element-populated\">\n\t\t\t\t\t\t<div class=\"elementor-element elementor-element-ac47467 elementor-widget elementor-widget-image\" data-id=\"ac47467\" data-element_type=\"widget\" data-e-type=\"widget\" data-widget_type=\"image.default\">\n\t\t\t\t<div class=\"elementor-widget-container\">\n\t\t\t\t\t\t\t\t\t\t\t\t\t\t\t<img fetchpriority=\"high\" decoding=\"async\" width=\"637\" height=\"600\" src=\"https:\/\/andresgaleano.eu\/wp-content\/uploads\/2025\/08\/andres-galeano-637x600.png\" class=\"attachment-large size-large wp-image-2232\" alt=\"\" srcset=\"https:\/\/andresgaleano.eu\/wp-content\/uploads\/2025\/08\/andres-galeano-637x600.png 637w, https:\/\/andresgaleano.eu\/wp-content\/uploads\/2025\/08\/andres-galeano-425x400.png 425w, https:\/\/andresgaleano.eu\/wp-content\/uploads\/2025\/08\/andres-galeano-212x200.png 212w, https:\/\/andresgaleano.eu\/wp-content\/uploads\/2025\/08\/andres-galeano-768x723.png 768w, https:\/\/andresgaleano.eu\/wp-content\/uploads\/2025\/08\/andres-galeano.png 1024w\" sizes=\"(max-width: 637px) 100vw, 637px\" \/>\t\t\t\t\t\t\t\t\t\t\t\t\t\t\t<\/div>\n\t\t\t\t<\/div>\n\t\t\t\t\t<\/div>\n\t\t<\/div>\n\t\t\t\t\t<\/div>\n\t\t<\/section>\n\t\t\t\t<section class=\"elementor-section elementor-top-section elementor-element elementor-element-1b3aead elementor-section-boxed elementor-section-height-default elementor-section-height-default\" data-id=\"1b3aead\" data-element_type=\"section\" data-e-type=\"section\">\n\t\t\t\t\t\t<div class=\"elementor-container elementor-column-gap-default\">\n\t\t\t\t\t<div class=\"elementor-column elementor-col-100 elementor-top-column elementor-element elementor-element-e59c2bf\" data-id=\"e59c2bf\" data-element_type=\"column\" data-e-type=\"column\">\n\t\t\t<div class=\"elementor-widget-wrap elementor-element-populated\">\n\t\t\t\t\t\t<div class=\"elementor-element elementor-element-c3881a3 elementor-widget elementor-widget-text-editor\" data-id=\"c3881a3\" data-element_type=\"widget\" data-e-type=\"widget\" data-widget_type=\"text-editor.default\">\n\t\t\t\t<div class=\"elementor-widget-container\">\n\t\t\t\t\t\t\t\t\t<h2><em><strong>DOMSTEIN-MISSION X-DBA-00408<\/strong><\/em><\/h2><p><strong>2025<\/strong><\/p><p>21&#215;28 cm, 96 pages, color<\/p><p><strong>Texts:<\/strong>\u00a0Matthias Deml, Klaus Hardering and Daria Bona (DE\/ENG)<\/p><p><strong>Edition of 500<\/strong><\/p><p>ISBN:\u00a0978-3-9827007-2-4<\/p><p>PRICE<strong> 22 \u20ac <\/strong>+ Shipping cost<\/p><p><a href=\"https:\/\/koelner-domverlag.de\/shop\/produkt\/domsteinmission\/\" target=\"_blank\" rel=\"noopener\">K\u00f6lner Dom Verlag<\/a><\/p><p>This book was published on the occasion of the exhibition <strong><em>X-DBA-00408 <\/em><\/strong>by Andr\u00e9s Galeano\u00a0 (May 16 &#8211; June 15, 2025) at <a href=\"https:\/\/www.koelner-dom.de\/aktuelles\/domstein-mission-x-dba-00408-andres-galeanos-kuenstlerische-auseinandersetzung-mit-dem-koelner-dombauarchiv\" target=\"_blank\" rel=\"noopener\"><strong>Cologne Cathedral<\/strong><\/a> as part of the program <strong><em>Artist Meets Archive<\/em> <\/strong>by <a href=\"https:\/\/www.photoszene.de\/en\/artist-programme\/artist-meets-archive-4\/andres-galeano\/\" target=\"_blank\" rel=\"noopener\"><strong>Internationale Photoszene K\u00f6ln<\/strong><\/a><\/p>\t\t\t\t\t\t\t\t<\/div>\n\t\t\t\t<\/div>\n\t\t\t\t\t<\/div>\n\t\t<\/div>\n\t\t\t\t\t<\/div>\n\t\t<\/section>\n\t\t\t\t<section class=\"elementor-section elementor-top-section elementor-element elementor-element-6954732 elementor-section-boxed elementor-section-height-default elementor-section-height-default\" data-id=\"6954732\" data-element_type=\"section\" data-e-type=\"section\">\n\t\t\t\t\t\t<div class=\"elementor-container elementor-column-gap-default\">\n\t\t\t\t\t<div class=\"elementor-column elementor-col-100 elementor-top-column elementor-element elementor-element-b6bb56d\" data-id=\"b6bb56d\" data-element_type=\"column\" data-e-type=\"column\">\n\t\t\t<div class=\"elementor-widget-wrap elementor-element-populated\">\n\t\t\t\t\t\t<div class=\"elementor-element elementor-element-b1d168e elementor-widget elementor-widget-spacer\" data-id=\"b1d168e\" data-element_type=\"widget\" data-e-type=\"widget\" data-widget_type=\"spacer.default\">\n\t\t\t\t<div class=\"elementor-widget-container\">\n\t\t\t\t\t\t\t<div class=\"elementor-spacer\">\n\t\t\t<div class=\"elementor-spacer-inner\"><\/div>\n\t\t<\/div>\n\t\t\t\t\t\t<\/div>\n\t\t\t\t<\/div>\n\t\t\t\t\t<\/div>\n\t\t<\/div>\n\t\t\t\t\t<\/div>\n\t\t<\/section>\n\t\t\t\t<section class=\"elementor-section elementor-top-section elementor-element elementor-element-0fb1a29 elementor-section-boxed elementor-section-height-default elementor-section-height-default\" data-id=\"0fb1a29\" data-element_type=\"section\" data-e-type=\"section\">\n\t\t\t\t\t\t<div class=\"elementor-container elementor-column-gap-default\">\n\t\t\t\t\t<div class=\"elementor-column elementor-col-100 elementor-top-column elementor-element elementor-element-358ce27\" data-id=\"358ce27\" data-element_type=\"column\" data-e-type=\"column\">\n\t\t\t<div class=\"elementor-widget-wrap elementor-element-populated\">\n\t\t\t\t\t\t<div class=\"elementor-element elementor-element-69939ea elementor-widget elementor-widget-image\" data-id=\"69939ea\" data-element_type=\"widget\" data-e-type=\"widget\" data-widget_type=\"image.default\">\n\t\t\t\t<div class=\"elementor-widget-container\">\n\t\t\t\t\t\t\t\t\t\t\t\t\t\t\t<img decoding=\"async\" width=\"700\" height=\"467\" src=\"https:\/\/andresgaleano.eu\/wp-content\/uploads\/2021\/08\/artist-book.gif\" class=\"attachment-large size-large wp-image-1572\" alt=\"\" \/>\t\t\t\t\t\t\t\t\t\t\t\t\t\t\t<\/div>\n\t\t\t\t<\/div>\n\t\t\t\t\t<\/div>\n\t\t<\/div>\n\t\t\t\t\t<\/div>\n\t\t<\/section>\n\t\t\t\t<section class=\"elementor-section elementor-top-section elementor-element elementor-element-bb7fadc elementor-section-boxed elementor-section-height-default elementor-section-height-default\" data-id=\"bb7fadc\" data-element_type=\"section\" data-e-type=\"section\">\n\t\t\t\t\t\t<div class=\"elementor-container elementor-column-gap-default\">\n\t\t\t\t\t<div class=\"elementor-column elementor-col-100 elementor-top-column elementor-element elementor-element-1d9b651\" data-id=\"1d9b651\" data-element_type=\"column\" data-e-type=\"column\">\n\t\t\t<div class=\"elementor-widget-wrap elementor-element-populated\">\n\t\t\t\t\t\t<div class=\"elementor-element elementor-element-404afbc elementor-widget elementor-widget-text-editor\" data-id=\"404afbc\" data-element_type=\"widget\" data-e-type=\"widget\" data-widget_type=\"text-editor.default\">\n\t\t\t\t<div class=\"elementor-widget-container\">\n\t\t\t\t\t\t\t\t\t<h2><strong><em>FPN<\/em><\/strong><\/h2><p><strong><em>FONS PERDUT DE N\u00daVOLS | FONDO PERDIDO DE NUBES | LOST CLOUDS ARCHIVE\u00a0<\/em><\/strong><\/p><p>2021, artist book<\/p><p>185 x 135 x 30 mm, color<\/p><p>A box including 170 loose pages + booklet with 55 pages\u00a0<\/p><p><strong>Graphic design:<\/strong> Andrea Nicolo\u0300<\/p><p><strong>Texts:<\/strong>\u00a0Andr\u00e9s Galeano, Alexandra Laudo, Josep Batll\u00f3\u00a0 and Mart\u00ed Llorens (CAT\/CAST\/ENG)<\/p><p>Numbered <strong>edition of 150<\/strong> copies in each CAT\/ESP\/ENG<\/p><p>ISBN: 978-84-09-30523-0<\/p><p>PRICE<strong style=\"font-style: normal; font-variant-ligatures: normal; font-variant-caps: normal; font-size: 14px; font-family: Roboto, sans-serif;\"> 45\u20ac <\/strong>+ Shipping cost<\/p><p>Published with the support of <a href=\"https:\/\/www.mataroartcontemporani.cat\/posts_exposicions\/andres-galeano-fons-perdut-de-nuvols\/\" target=\"_blank\" rel=\"noopener\">M|A|C<\/a> Matar\u00f3 and Galer\u00eda <a href=\"https:\/\/rociosantacruz.com\/\" target=\"_blank\" rel=\"noopener\">Roc\u00edo SantaCruz<\/a>\u00a0 on the occasion of the solo show <em><strong>Fons perdut de n\u00favols, <\/strong><\/em>june 2021<\/p><p>Download here the <strong>booklet with texts <\/strong>in <a href=\"http:\/\/andresgaleano.eu\/publications\/FPN_Catalan_AndresGaleano.pdf\" target=\"_blank\" rel=\"noopener\">CAT<\/a> \/\u00a0<strong><a href=\"http:\/\/andresgaleano.eu\/publications\/FPN_Spanish_AndresGaleano.pdf\" target=\"_blank\" rel=\"noopener\">ESP<\/a><\/strong>\/ <a href=\"http:\/\/andresgaleano.eu\/publications\/FPN_English_AndresGaleano.pdf\" target=\"_blank\" rel=\"noopener\"><strong>ENG<\/strong><\/a>\u00a0<\/p>\t\t\t\t\t\t\t\t<\/div>\n\t\t\t\t<\/div>\n\t\t\t\t\t<\/div>\n\t\t<\/div>\n\t\t\t\t\t<\/div>\n\t\t<\/section>\n\t\t\t\t<section class=\"elementor-section elementor-top-section elementor-element elementor-element-3d5dfb2 elementor-section-boxed elementor-section-height-default elementor-section-height-default\" data-id=\"3d5dfb2\" data-element_type=\"section\" data-e-type=\"section\">\n\t\t\t\t\t\t<div class=\"elementor-container elementor-column-gap-default\">\n\t\t\t\t\t<div class=\"elementor-column elementor-col-100 elementor-top-column elementor-element elementor-element-7664e7c\" data-id=\"7664e7c\" data-element_type=\"column\" data-e-type=\"column\">\n\t\t\t<div class=\"elementor-widget-wrap elementor-element-populated\">\n\t\t\t\t\t\t<div class=\"elementor-element elementor-element-2d89fec elementor-widget elementor-widget-spacer\" data-id=\"2d89fec\" data-element_type=\"widget\" data-e-type=\"widget\" data-widget_type=\"spacer.default\">\n\t\t\t\t<div class=\"elementor-widget-container\">\n\t\t\t\t\t\t\t<div class=\"elementor-spacer\">\n\t\t\t<div class=\"elementor-spacer-inner\"><\/div>\n\t\t<\/div>\n\t\t\t\t\t\t<\/div>\n\t\t\t\t<\/div>\n\t\t\t\t\t<\/div>\n\t\t<\/div>\n\t\t\t\t\t<\/div>\n\t\t<\/section>\n\t\t\t\t<section class=\"elementor-section elementor-top-section elementor-element elementor-element-e986247 elementor-section-boxed elementor-section-height-default elementor-section-height-default\" data-id=\"e986247\" data-element_type=\"section\" data-e-type=\"section\">\n\t\t\t\t\t\t<div class=\"elementor-container elementor-column-gap-default\">\n\t\t\t\t\t<div class=\"elementor-column elementor-col-50 elementor-top-column elementor-element elementor-element-c367b9a\" data-id=\"c367b9a\" data-element_type=\"column\" data-e-type=\"column\">\n\t\t\t<div class=\"elementor-widget-wrap elementor-element-populated\">\n\t\t\t\t\t\t<div class=\"elementor-element elementor-element-534a349 elementor-widget elementor-widget-image\" data-id=\"534a349\" data-element_type=\"widget\" data-e-type=\"widget\" data-widget_type=\"image.default\">\n\t\t\t\t<div class=\"elementor-widget-container\">\n\t\t\t\t\t\t\t\t\t\t\t\t\t\t\t<img decoding=\"async\" width=\"600\" height=\"600\" src=\"https:\/\/andresgaleano.eu\/wp-content\/uploads\/2019\/02\/NO-PIC_5_square-600x600.jpg\" class=\"attachment-large size-large wp-image-1161\" alt=\"\" srcset=\"https:\/\/andresgaleano.eu\/wp-content\/uploads\/2019\/02\/NO-PIC_5_square-600x600.jpg 600w, https:\/\/andresgaleano.eu\/wp-content\/uploads\/2019\/02\/NO-PIC_5_square-200x200.jpg 200w, https:\/\/andresgaleano.eu\/wp-content\/uploads\/2019\/02\/NO-PIC_5_square-400x400.jpg 400w, https:\/\/andresgaleano.eu\/wp-content\/uploads\/2019\/02\/NO-PIC_5_square-768x768.jpg 768w, https:\/\/andresgaleano.eu\/wp-content\/uploads\/2019\/02\/NO-PIC_5_square.jpg 964w\" sizes=\"(max-width: 600px) 100vw, 600px\" \/>\t\t\t\t\t\t\t\t\t\t\t\t\t\t\t<\/div>\n\t\t\t\t<\/div>\n\t\t\t\t\t<\/div>\n\t\t<\/div>\n\t\t\t\t<div class=\"elementor-column elementor-col-50 elementor-top-column elementor-element elementor-element-ec5b34c\" data-id=\"ec5b34c\" data-element_type=\"column\" data-e-type=\"column\">\n\t\t\t<div class=\"elementor-widget-wrap elementor-element-populated\">\n\t\t\t\t\t\t<div class=\"elementor-element elementor-element-feff31c elementor-widget elementor-widget-image\" data-id=\"feff31c\" data-element_type=\"widget\" data-e-type=\"widget\" data-widget_type=\"image.default\">\n\t\t\t\t<div class=\"elementor-widget-container\">\n\t\t\t\t\t\t\t\t\t\t\t\t\t\t\t<img loading=\"lazy\" decoding=\"async\" width=\"600\" height=\"600\" src=\"https:\/\/andresgaleano.eu\/wp-content\/uploads\/2019\/02\/NO-PIC_1_edited_72_square-600x600.jpg\" class=\"attachment-large size-large wp-image-1151\" alt=\"\" srcset=\"https:\/\/andresgaleano.eu\/wp-content\/uploads\/2019\/02\/NO-PIC_1_edited_72_square-600x600.jpg 600w, https:\/\/andresgaleano.eu\/wp-content\/uploads\/2019\/02\/NO-PIC_1_edited_72_square-200x200.jpg 200w, https:\/\/andresgaleano.eu\/wp-content\/uploads\/2019\/02\/NO-PIC_1_edited_72_square-400x400.jpg 400w, https:\/\/andresgaleano.eu\/wp-content\/uploads\/2019\/02\/NO-PIC_1_edited_72_square-768x768.jpg 768w, https:\/\/andresgaleano.eu\/wp-content\/uploads\/2019\/02\/NO-PIC_1_edited_72_square.jpg 1189w\" sizes=\"(max-width: 600px) 100vw, 600px\" \/>\t\t\t\t\t\t\t\t\t\t\t\t\t\t\t<\/div>\n\t\t\t\t<\/div>\n\t\t\t\t\t<\/div>\n\t\t<\/div>\n\t\t\t\t\t<\/div>\n\t\t<\/section>\n\t\t\t\t<section class=\"elementor-section elementor-top-section elementor-element elementor-element-98d5f99 elementor-section-boxed elementor-section-height-default elementor-section-height-default\" data-id=\"98d5f99\" data-element_type=\"section\" data-e-type=\"section\">\n\t\t\t\t\t\t<div class=\"elementor-container elementor-column-gap-default\">\n\t\t\t\t\t<div class=\"elementor-column elementor-col-100 elementor-top-column elementor-element elementor-element-d1a9dbc\" data-id=\"d1a9dbc\" data-element_type=\"column\" data-e-type=\"column\">\n\t\t\t<div class=\"elementor-widget-wrap elementor-element-populated\">\n\t\t\t\t\t\t<div class=\"elementor-element elementor-element-0c4e77d elementor-widget elementor-widget-spacer\" data-id=\"0c4e77d\" data-element_type=\"widget\" data-e-type=\"widget\" data-widget_type=\"spacer.default\">\n\t\t\t\t<div class=\"elementor-widget-container\">\n\t\t\t\t\t\t\t<div class=\"elementor-spacer\">\n\t\t\t<div class=\"elementor-spacer-inner\"><\/div>\n\t\t<\/div>\n\t\t\t\t\t\t<\/div>\n\t\t\t\t<\/div>\n\t\t\t\t\t<\/div>\n\t\t<\/div>\n\t\t\t\t\t<\/div>\n\t\t<\/section>\n\t\t\t\t<section class=\"elementor-section elementor-top-section elementor-element elementor-element-06c748d elementor-section-boxed elementor-section-height-default elementor-section-height-default\" data-id=\"06c748d\" data-element_type=\"section\" data-e-type=\"section\">\n\t\t\t\t\t\t<div class=\"elementor-container elementor-column-gap-default\">\n\t\t\t\t\t<div class=\"elementor-column elementor-col-100 elementor-top-column elementor-element elementor-element-d5ff855\" data-id=\"d5ff855\" data-element_type=\"column\" data-e-type=\"column\">\n\t\t\t<div class=\"elementor-widget-wrap elementor-element-populated\">\n\t\t\t\t\t\t<div class=\"elementor-element elementor-element-60c5518 elementor-widget elementor-widget-text-editor\" data-id=\"60c5518\" data-element_type=\"widget\" data-e-type=\"widget\" data-widget_type=\"text-editor.default\">\n\t\t\t\t<div class=\"elementor-widget-container\">\n\t\t\t\t\t\t\t\t\t<h2><strong><em>NO PIC<\/em><\/strong><\/h2><p><strong>2019, <\/strong>artist book<\/p><p>A6, 116 pages, color<\/p><p><strong>Text:<\/strong> Jorge Luis Marzo (ESP\/ENG)<\/p><p>No-pictures collection from the internet by Andr\u00e9s Galeano<\/p><p>Signed and numbered <strong>edition of 100<\/strong><\/p><p>ISBN: 978-84-09-08848-5<\/p><p>PRICE<strong> 25 \u20ac <\/strong>+ Shipping cost<\/p><p>This book was published on the occasion of the exhibition <strong><em>Afotos <\/em><\/strong>by Andr\u00e9s Galeano\u00a0\u00a0\u00a0\u00a0\u00a0\u00a0\u00a0\u00a0\u00a0\u00a0\u00a0 (March 7 &#8211; April 7, 2019) at Rocaumbert | F\u00e0brica de les Arts, Granollers, Spain<\/p>\t\t\t\t\t\t\t\t<\/div>\n\t\t\t\t<\/div>\n\t\t\t\t\t<\/div>\n\t\t<\/div>\n\t\t\t\t\t<\/div>\n\t\t<\/section>\n\t\t\t\t<section class=\"elementor-section elementor-top-section elementor-element elementor-element-cd0a716 elementor-section-boxed elementor-section-height-default elementor-section-height-default\" data-id=\"cd0a716\" data-element_type=\"section\" data-e-type=\"section\">\n\t\t\t\t\t\t<div class=\"elementor-container elementor-column-gap-default\">\n\t\t\t\t\t<div class=\"elementor-column elementor-col-100 elementor-top-column elementor-element elementor-element-83a5988\" data-id=\"83a5988\" data-element_type=\"column\" data-e-type=\"column\">\n\t\t\t<div class=\"elementor-widget-wrap elementor-element-populated\">\n\t\t\t\t\t\t<div class=\"elementor-element elementor-element-03d7cba elementor-widget elementor-widget-spacer\" data-id=\"03d7cba\" data-element_type=\"widget\" data-e-type=\"widget\" data-widget_type=\"spacer.default\">\n\t\t\t\t<div class=\"elementor-widget-container\">\n\t\t\t\t\t\t\t<div class=\"elementor-spacer\">\n\t\t\t<div class=\"elementor-spacer-inner\"><\/div>\n\t\t<\/div>\n\t\t\t\t\t\t<\/div>\n\t\t\t\t<\/div>\n\t\t\t\t<div class=\"elementor-element elementor-element-a1d4601 elementor-widget elementor-widget-video\" data-id=\"a1d4601\" data-element_type=\"widget\" data-e-type=\"widget\" data-settings=\"{&quot;video_type&quot;:&quot;vimeo&quot;}\" data-widget_type=\"video.default\">\n\t\t\t\t<div class=\"elementor-widget-container\">\n\t\t\t\t\t\t\t<div class=\"elementor-wrapper elementor-open-inline\">\n\t\t\t<iframe class=\"elementor-video-iframe\" allowfullscreen allow=\"clipboard-write\" title=\"vimeo Video Player\" src=\"https:\/\/player.vimeo.com\/video\/291152298?color&amp;autopause=0&amp;loop=0&amp;muted=0&amp;title=0&amp;portrait=0&amp;byline=0#t=\"><\/iframe>\t\t<\/div>\n\t\t\t\t\t\t<\/div>\n\t\t\t\t<\/div>\n\t\t\t\t<div class=\"elementor-element elementor-element-65b044b elementor-widget elementor-widget-spacer\" data-id=\"65b044b\" data-element_type=\"widget\" data-e-type=\"widget\" data-widget_type=\"spacer.default\">\n\t\t\t\t<div class=\"elementor-widget-container\">\n\t\t\t\t\t\t\t<div class=\"elementor-spacer\">\n\t\t\t<div class=\"elementor-spacer-inner\"><\/div>\n\t\t<\/div>\n\t\t\t\t\t\t<\/div>\n\t\t\t\t<\/div>\n\t\t\t\t<div class=\"elementor-element elementor-element-0440194 elementor-widget elementor-widget-text-editor\" data-id=\"0440194\" data-element_type=\"widget\" data-e-type=\"widget\" data-widget_type=\"text-editor.default\">\n\t\t\t\t<div class=\"elementor-widget-container\">\n\t\t\t\t\t\t\t\t\t<h2><em><strong>UNKNOWN PHOTOGRAPHERS<\/strong><\/em><\/h2><p><strong>2018, <\/strong>artist book<strong><br \/><\/strong><\/p><p>A5, 116 pages, color<br \/><strong>Text<\/strong>: Alexandre Santos (Por\/Eng)<br \/><strong>Edition of 500<\/strong> <br \/>ISBN: 978-84-09-04132-9<\/p><p>PRICE<strong style=\"font-style: normal; font-variant-ligatures: normal; font-variant-caps: normal; font-size: 14px; font-family: Roboto, sans-serif;\"> 20 \u20ac <\/strong>+ Shipping cost<\/p><p>Andr\u00e9s Galeano\u2019s <em><strong>Unknown Photographers<\/strong><\/em> is a post-photographic project that reflects on photography\u2019s latent desire to transcend the moment, a desire that is revealed through the artist&#8217;s montage of analogue photographs discovered in found family photo albums.<br \/>As a publication, <em>Unknown Photographers <\/em>is an artist book that pays tribute to the anonymous photographer, and displays some of Galeano\u2019s collections of amateur photography together with some artworks. Playing with collective memory, recycling iconographies, and combining archetypal images, this publication is a visual essay on photography that transforms seemingly banal, second-hand snapshots into a fascinating photo album that belongs to everyone of us.<\/p><p>This book has been published on the occasion of the exhibition <em><strong>Andr\u00e9s Galeano. Unknown Photographers <\/strong><\/em>(June 19- August 25, 2018) organized by Galeria Bessa Pereira at <strong>Funda\u00e7\u00e3o Portuguesa das Comunica\u00e7\u00f5es<\/strong> in Lisbon.<\/p>\t\t\t\t\t\t\t\t<\/div>\n\t\t\t\t<\/div>\n\t\t\t\t<div class=\"elementor-element elementor-element-d5e5798 elementor-widget elementor-widget-spacer\" data-id=\"d5e5798\" data-element_type=\"widget\" data-e-type=\"widget\" data-widget_type=\"spacer.default\">\n\t\t\t\t<div class=\"elementor-widget-container\">\n\t\t\t\t\t\t\t<div class=\"elementor-spacer\">\n\t\t\t<div class=\"elementor-spacer-inner\"><\/div>\n\t\t<\/div>\n\t\t\t\t\t\t<\/div>\n\t\t\t\t<\/div>\n\t\t\t\t\t<\/div>\n\t\t<\/div>\n\t\t\t\t\t<\/div>\n\t\t<\/section>\n\t\t\t\t<section class=\"elementor-section elementor-top-section elementor-element elementor-element-77cd577 elementor-section-boxed elementor-section-height-default elementor-section-height-default\" data-id=\"77cd577\" data-element_type=\"section\" data-e-type=\"section\">\n\t\t\t\t\t\t<div class=\"elementor-container elementor-column-gap-default\">\n\t\t\t\t\t<div class=\"elementor-column elementor-col-100 elementor-top-column elementor-element elementor-element-407696a\" data-id=\"407696a\" data-element_type=\"column\" data-e-type=\"column\">\n\t\t\t<div class=\"elementor-widget-wrap elementor-element-populated\">\n\t\t\t\t\t\t<div class=\"elementor-element elementor-element-d04987a elementor-widget elementor-widget-video\" data-id=\"d04987a\" data-element_type=\"widget\" data-e-type=\"widget\" data-settings=\"{&quot;video_type&quot;:&quot;vimeo&quot;}\" data-widget_type=\"video.default\">\n\t\t\t\t<div class=\"elementor-widget-container\">\n\t\t\t\t\t\t\t<div class=\"elementor-wrapper elementor-open-inline\">\n\t\t\t<iframe class=\"elementor-video-iframe\" allowfullscreen allow=\"clipboard-write\" title=\"vimeo Video Player\" src=\"https:\/\/player.vimeo.com\/video\/200030081?color&amp;autopause=0&amp;loop=0&amp;muted=0&amp;title=0&amp;portrait=0&amp;byline=0#t=\"><\/iframe>\t\t<\/div>\n\t\t\t\t\t\t<\/div>\n\t\t\t\t<\/div>\n\t\t\t\t<div class=\"elementor-element elementor-element-b222f64 elementor-widget elementor-widget-spacer\" data-id=\"b222f64\" data-element_type=\"widget\" data-e-type=\"widget\" data-widget_type=\"spacer.default\">\n\t\t\t\t<div class=\"elementor-widget-container\">\n\t\t\t\t\t\t\t<div class=\"elementor-spacer\">\n\t\t\t<div class=\"elementor-spacer-inner\"><\/div>\n\t\t<\/div>\n\t\t\t\t\t\t<\/div>\n\t\t\t\t<\/div>\n\t\t\t\t<div class=\"elementor-element elementor-element-0b09bb8 elementor-widget elementor-widget-text-editor\" data-id=\"0b09bb8\" data-element_type=\"widget\" data-e-type=\"widget\" data-widget_type=\"text-editor.default\">\n\t\t\t\t<div class=\"elementor-widget-container\">\n\t\t\t\t\t\t\t\t\t<h2><em><strong>GOOGLE IN VIEW<\/strong><\/em><\/h2><p><strong>2016, <\/strong>artist book<\/p><div class=\"page\" title=\"Page 24\"><div class=\"layoutArea\"><div class=\"column\"><p>Publication inspired by\u00a0 touristic guides and consisting on the following elements:<\/p><p>a. A booklet of 44 pages (center)<\/p><p>b. 2 folded elements of 5 pages on each side (right)<\/p><p>c. A folded cover of 4 pages on each side (left )<\/p><\/div><\/div><\/div><p><strong>Graphic design:<\/strong> Andrea Nicolo\u0300<br \/><strong>Text:<\/strong> Sema D\u2019Acosta<br \/><strong>Translations:<\/strong> Stephanie Estefania<br \/>CMYK, 11,5 x 19 x 0,6 cm<br \/><strong>Signed edition of 350<\/strong><br \/>ISBN: 978-84-617-4905-8<\/p><p>PRICE<strong style=\"font-style: normal; font-variant-ligatures: normal; font-variant-caps: normal; font-size: 14px; font-family: Roboto, sans-serif;\"> 25 \u20ac <\/strong>+ Shipping cost<\/p><p>Printed in Granollers (Barcelona) as part of the exhibition <em><strong>Un m\u00f3n paral.lel<\/strong> <\/em><strong>curated by Joan Fontcuberta<\/strong> at <strong>Rocaumbert F\u00e0brica de les Arts<\/strong>, october 2016<\/p>\t\t\t\t\t\t\t\t<\/div>\n\t\t\t\t<\/div>\n\t\t\t\t\t<\/div>\n\t\t<\/div>\n\t\t\t\t\t<\/div>\n\t\t<\/section>\n\t\t\t\t<section class=\"elementor-section elementor-top-section elementor-element elementor-element-a2e6273 elementor-section-boxed elementor-section-height-default elementor-section-height-default\" data-id=\"a2e6273\" data-element_type=\"section\" data-e-type=\"section\">\n\t\t\t\t\t\t<div class=\"elementor-container elementor-column-gap-default\">\n\t\t\t\t\t<div class=\"elementor-column elementor-col-100 elementor-top-column elementor-element elementor-element-0f127f5\" data-id=\"0f127f5\" data-element_type=\"column\" data-e-type=\"column\">\n\t\t\t<div class=\"elementor-widget-wrap elementor-element-populated\">\n\t\t\t\t\t\t<div class=\"elementor-element elementor-element-d1610c9 elementor-widget elementor-widget-spacer\" data-id=\"d1610c9\" data-element_type=\"widget\" data-e-type=\"widget\" data-widget_type=\"spacer.default\">\n\t\t\t\t<div class=\"elementor-widget-container\">\n\t\t\t\t\t\t\t<div class=\"elementor-spacer\">\n\t\t\t<div class=\"elementor-spacer-inner\"><\/div>\n\t\t<\/div>\n\t\t\t\t\t\t<\/div>\n\t\t\t\t<\/div>\n\t\t\t\t\t<\/div>\n\t\t<\/div>\n\t\t\t\t\t<\/div>\n\t\t<\/section>\n\t\t\t\t<\/div>\n\t\t","protected":false},"excerpt":{"rendered":"<p>DOMSTEIN-MISSION X-DBA-00408 2025 21&#215;28 cm, 96 pages, color Texts:\u00a0Matthias Deml, Klaus Hardering and Daria Bona (DE\/ENG) Edition of 500 ISBN:\u00a0978-3-9827007-2-4 PRICE 22 \u20ac + Shipping cost K\u00f6lner Dom Verlag This book was published on the occasion of the exhibition X-DBA-00408 by Andr\u00e9s Galeano\u00a0 (May 16 &#8211; June 15, 2025) at Cologne Cathedral as part of [&hellip;]<\/p>\n","protected":false},"author":1,"featured_media":0,"parent":0,"menu_order":0,"comment_status":"closed","ping_status":"closed","template":"","meta":{"footnotes":""},"class_list":["post-896","page","type-page","status-publish","hentry"],"translation":{"provider":"WPGlobus","version":"3.0.2","language":"es","enabled_languages":["en","es"],"languages":{"en":{"title":true,"content":true,"excerpt":false},"es":{"title":false,"content":false,"excerpt":false}}},"_links":{"self":[{"href":"https:\/\/andresgaleano.eu\/es\/wp-json\/wp\/v2\/pages\/896","targetHints":{"allow":["GET"]}}],"collection":[{"href":"https:\/\/andresgaleano.eu\/es\/wp-json\/wp\/v2\/pages"}],"about":[{"href":"https:\/\/andresgaleano.eu\/es\/wp-json\/wp\/v2\/types\/page"}],"author":[{"embeddable":true,"href":"https:\/\/andresgaleano.eu\/es\/wp-json\/wp\/v2\/users\/1"}],"replies":[{"embeddable":true,"href":"https:\/\/andresgaleano.eu\/es\/wp-json\/wp\/v2\/comments?post=896"}],"version-history":[{"count":42,"href":"https:\/\/andresgaleano.eu\/es\/wp-json\/wp\/v2\/pages\/896\/revisions"}],"predecessor-version":[{"id":2238,"href":"https:\/\/andresgaleano.eu\/es\/wp-json\/wp\/v2\/pages\/896\/revisions\/2238"}],"wp:attachment":[{"href":"https:\/\/andresgaleano.eu\/es\/wp-json\/wp\/v2\/media?parent=896"}],"curies":[{"name":"wp","href":"https:\/\/api.w.org\/{rel}","templated":true}]}}